{"id":1927,"date":"2023-03-13T13:19:14","date_gmt":"2023-03-13T12:19:14","guid":{"rendered":"https:\/\/loudenvielle.wellness-sport-camping.com\/tout-autour\/lespagne-a-deux-pas\/"},"modified":"2023-06-07T09:33:25","modified_gmt":"2023-06-07T07:33:25","slug":"espana-a-su-puerta","status":"publish","type":"page","link":"https:\/\/loudenvielle.wellness-sport-camping.com\/es\/por-todas-partes\/espana-a-su-puerta\/","title":{"rendered":"Espa\u00f1a a su puerta"},"content":{"rendered":"\n<div class=\"wp-block-cover alignfull header-top simbol-top-left\" style=\"margin-top:0px;margin-bottom:0px;padding-top:0;padding-right:0;padding-bottom:0px;padding-left:0;min-height:95vh;aspect-ratio:unset;\"><span aria-hidden=\"true\" class=\"wp-block-cover__background has-background-dim-10 has-background-dim\"><\/span><img loading=\"lazy\" decoding=\"async\" width=\"1200\" height=\"800\" class=\"wp-block-cover__image-background wp-image-1692\" alt=\"\" src=\"https:\/\/loudenvielle.wellness-sport-camping.com\/wp-content\/uploads\/adobestock-145378351.jpg\" data-object-fit=\"cover\" srcset=\"https:\/\/loudenvielle.wellness-sport-camping.com\/wp-content\/uploads\/adobestock-145378351.jpg 1200w, https:\/\/loudenvielle.wellness-sport-camping.com\/wp-content\/uploads\/adobestock-145378351-1024x683.jpg 1024w, https:\/\/loudenvielle.wellness-sport-camping.com\/wp-content\/uploads\/adobestock-145378351-768x512.jpg 768w, https:\/\/loudenvielle.wellness-sport-camping.com\/wp-content\/uploads\/adobestock-145378351-512x341.jpg 512w, https:\/\/loudenvielle.wellness-sport-camping.com\/wp-content\/uploads\/adobestock-145378351-256x171.jpg 256w\" sizes=\"auto, (max-width: 1200px) 100vw, 1200px\" \/><div class=\"wp-block-cover__inner-container is-layout-flow wp-block-cover-is-layout-flow\">\n<div class=\"wp-block-group titre-top animation--init--once animation--top is-layout-constrained wp-block-group-is-layout-constrained\" style=\"padding-bottom:0px\">\n<p class=\"has-text-align-center has-theme-white-color has-text-color has-damion-font-family has-h-1-font-size\">Espa\u00f1a a su puerta<\/p>\n\n\n\n<p class=\"has-text-align-center has-theme-white-color has-text-color\"><\/p>\n<\/div>\n\n\n\n<div class=\"wp-block-group breadcrumbs-top is-layout-constrained wp-block-group-is-layout-constrained\" style=\"margin-top:10px;margin-bottom:0px\">\n<span><span><a href=\"https:\/\/loudenvielle.wellness-sport-camping.com\/es\/\">Inicio<\/a><\/span><\/span>\n<\/div>\n\n\n\n<div class=\"wp-block-group alignfull motor-thelis has-theme-brown-2-background-color has-background is-layout-constrained wp-container-core-group-is-layout-e129b69f wp-block-group-is-layout-constrained\" style=\"padding-top:0px;padding-right:0px;padding-bottom:0px;padding-left:0px\">\n<div class=\"wp-block-columns is-layout-flex wp-container-core-columns-is-layout-28f84493 wp-block-columns-is-layout-flex\">\n<div class=\"wp-block-column is-layout-flow wp-block-column-is-layout-flow\" style=\"flex-basis:100%\">\n<section class=\"formulaire-de-recherche-bar\">\r\n            <div id=\"expand-thelis-formulaire\">Reservar<\/div>\r\n            <div class=\"container-form\"><thr-search-engine><\/thr-search-engine><a id=\"pay-btn-2\" onclick=\"window.open('https:\/\/thelisresa.webcamp.fr\/cart-directPayment.php?camping=fhjc8911&amp;lang=es');\"><i><\/i>Pagar estancia<\/a>\r\n            <style>\r\n            \r\n            .thr-search-engine .thr-search-engine-main > .thr-btn-search { max-width: 20% !important; }\r\n            .thr .btn i { margin-right: 0 !important; }\r\n            #pay-btn-2 { \r\n                position: absolute;\r\n                right: 0;top: 0;\r\n                margin: 10px;\r\n                border: 0;\r\n                background-color: ;\r\n                color: ;\r\n                cursor: pointer;\r\n                width: calc(17% - 5px);\r\n                padding: 17px 0;\r\n                font-size: 18px;\r\n                font-weight: bold;\r\n                text-transform: auto;\r\n                transition: all .35s;\r\n                display: flex;justify-content: center;\r\n                align-items: center;\r\n            }\r\n            #pay-btn-2 i {\r\n                display: inline-flex;\r\n                width:18px;height:18px;\r\n                margin-right: 5px;\r\n                background-image: url('data:image\/svg+xml;utf8,<?xml version=\"1.0\" encoding=\"utf-8\"?><svg width=\"1792\" height=\"1792\" viewBox=\"0 0 1792 1792\" xmlns=\"http:\/\/www.w3.org\/2000\/svg\"><path d=\"M704 1536q0 52-38 90t-90 38-90-38-38-90 38-90 90-38 90 38 38 90zm896 0q0 52-38 90t-90 38-90-38-38-90 38-90 90-38 90 38 38 90zm128-1088v512q0 24-16.5 42.5t-40.5 21.5l-1044 122q13 60 13 70 0 16-24 64h920q26 0 45 19t19 45-19 45-45 19h-1024q-26 0-45-19t-19-45q0-11 8-31.5t16-36 21.5-40 15.5-29.5l-177-823h-204q-26 0-45-19t-19-45 19-45 45-19h256q16 0 28.5 6.5t19.5 15.5 13 24.5 8 26 5.5 29.5 4.5 26h1201q26 0 45 19t19 45z\" fill=\"rgba(255,255,255,1)\" \/><\/svg>');\r\n                background-size: cover;background-position: center center;background-repeat: no-repeat;\r\n            }\r\n            #pay-btn-2:hover { background-color: ; }\r\n            .thr-search-engine { width: 83%; }\r\n\r\n            @media screen and (max-width: 1024px) {\r\n                #pay-btn-2 { top: 52px; }\r\n                .thr-search-engine .thr-search-engine-main > .thr-btn-search { max-width: inherit !important; }\r\n            }\r\n            @media screen and (max-width: 990px) {\r\n                .thr-search-engine { width: 100%; }\r\n                #pay-btn-2 { position: relative;width: calc(100% - 20px);top: auto;margin-top: 0; }\r\n            }\r\n\r\n            thr-search-engine { border-right: 200px rgba(0,0,0,0) solid;display: block; }\r\n            @media screen and (max-width: 1024px) {\r\n                thr-search-engine { border-right: inherit;display: inherit; }\r\n            }\r\n            <\/style>\r\n            <\/div><\/section><!-- .formulaire-de-recherche-bar --><style>\r\n        #expand-thelis-formulaire { display: none; }\r\n        @media screen and (max-width: 1024px) {\r\n            #expand-thelis-formulaire { display: block; }\r\n            .formulaire-de-recherche-bar .container-form { display: none; }\r\n        }\r\n    <\/style><script>\r\n    jQuery(document).ready(function($){\r\n        jQuery('#expand-thelis-formulaire').click(function(){\r\n            if(\r\n                jQuery('.formulaire-de-recherche-bar .container-form').css('display') == 'none'\r\n            ){\r\n                jQuery('.formulaire-de-recherche-bar .container-form').css('display', 'block');\r\n                jQuery('#expand-thelis-formulaire').addClass('expanded');\r\n            }else{\r\n                jQuery('.formulaire-de-recherche-bar .container-form').css('display', 'none');\r\n                jQuery('#expand-thelis-formulaire').removeClass('expanded');\r\n            }\r\n        });\r\n    });\r\n    <\/script>\n<\/div>\n<\/div>\n<\/div>\n<\/div><\/div>\n\n\n\n<div class=\"wp-block-group alignfull page-intro simbol-top-right-2 is-layout-constrained wp-block-group-is-layout-constrained\">\n<div class=\"wp-block-columns is-layout-flex wp-container-core-columns-is-layout-28f84493 wp-block-columns-is-layout-flex\">\n<div class=\"wp-block-column is-layout-flow wp-block-column-is-layout-flow\">\n<h1 class=\"wp-block-heading has-text-align-center simbol-titre has-sub\">Descubra Espa\u00f1a a su puerta<sub>cerca del camping La P\u00e8ne Blanche<\/sub><\/h1>\n\n\n\n<p>Atraviese el t\u00fanel de Aragnouet y encu\u00e9ntrese en los ca\u00f1ones espa\u00f1oles y disfrute de unas tapas en un ambiente c\u00e1lido.<\/p>\n<\/div>\n<\/div>\n<\/div>\n\n\n\n<div class=\"wp-block-group alignfull is-layout-constrained wp-block-group-is-layout-constrained\" style=\"margin-top:0px;margin-bottom:0px\">\n<div class=\"wp-block-cover alignfull is-light has-parallax\" style=\"min-height:500px;aspect-ratio:unset;\"><span aria-hidden=\"true\" class=\"wp-block-cover__background has-background-dim-0 has-background-dim\"><\/span><div role=\"img\" class=\"wp-block-cover__image-background wp-image-1661 has-parallax\" style=\"background-position:50% 50%;background-image:url(https:\/\/loudenvielle.wellness-sport-camping.com\/wp-content\/uploads\/chez-nous-parallax-2.jpg)\"><\/div><div class=\"wp-block-cover__inner-container is-layout-flow wp-block-cover-is-layout-flow\">\n<p class=\"has-text-align-center has-large-font-size\"><\/p>\n<\/div><\/div>\n<\/div>\n\n\n\n<div class=\"wp-block-group alignfull savoir-single simbol-top-right r bg-bottom-right is-layout-constrained wp-block-group-is-layout-constrained\" style=\"margin-top:0px;margin-bottom:0px\">\n<div class=\"wp-block-columns is-layout-flex wp-container-core-columns-is-layout-28f84493 wp-block-columns-is-layout-flex\">\n<div class=\"wp-block-column is-layout-flow wp-block-column-is-layout-flow\">\n<h2 class=\"wp-block-heading has-text-align-center simbol-titre line-titre\">Saber M\u00e1s<\/h2>\n\n\n\n<p class=\"titre\"><strong>Parque Nacional de Ordesa y Monte Perdido<\/strong><\/p>\n\n\n\n<p>Tomando el t\u00fanel de Aragnouet, llegar\u00e1 a un conjunto de 4 valles para visitar a 1h40 del camping. En primer lugar, descubra el valle de Ordesa y recorra sus senderos para perderse en su entorno y encontrar la cascada de la Cola de Caballo. Desde Escalona se accede al ca\u00f1\u00f3n de A\u00f1isclo, que divide la monta\u00f1a de sur a norte. Al este, el desfiladero de Escuain har\u00e1 las delicias de los ornit\u00f3logos con su diversa flora. Por \u00faltimo, el valle de Pineta ofrece una impresionante vista de los Tres Sonores (Monte Perdido, el Cilindro de Marbor\u00e9 y el Soum de Ramond), tres monta\u00f1as que podr\u00e1 contemplar en medio del bosque.<\/p>\n\n\n\n<p class=\"titre\"><strong>Cosas que hacer en Espa\u00f1a cerca del camping<\/strong><\/p>\n\n\n\n<p>Para un d\u00eda de cultura puede ir a Vielha a visitar el museo Val d&#8217;Aran, que cuenta la historia de la regi\u00f3n pero tambi\u00e9n tiene una colecci\u00f3n de objetos art\u00edsticos. El museo tambi\u00e9n cuenta con una colecci\u00f3n de objetos art\u00edsticos y ofrece actividades para los m\u00e1s peque\u00f1os, como b\u00fasquedas del tesoro. Tambi\u00e9n es una oportunidad para degustar especialidades locales como la \u00d2lha aranesa, una sopa a base de carne, pasta y verduras, perfecta tras un buen d\u00eda de paseo por el bosque o alrededor del lago de la Bassa d&#8217;Oles. La comida espa\u00f1ola tambi\u00e9n es sin\u00f3nimo de tapas, que podr\u00e1 degustar r\u00e1pidamente desde nuestro camping.<\/p>\n\n\n\n<figure class=\"wp-block-gallery has-nested-images columns-default is-cropped galerie-images animation--init--once animation--top wp-block-gallery-1 is-layout-flex wp-block-gallery-is-layout-flex\">\n<figure class=\"wp-block-image size-full\"><a href=\"https:\/\/loudenvielle.wellness-sport-camping.com\/wp-content\/uploads\/lac-genos-loudenvielle-a.jpg\" class=\"image-link\"><img loading=\"lazy\" decoding=\"async\" width=\"1200\" height=\"800\" data-id=\"1697\" src=\"https:\/\/loudenvielle.wellness-sport-camping.com\/wp-content\/uploads\/lac-genos-loudenvielle-a.jpg\" alt=\"\" class=\"wp-image-1697\" srcset=\"https:\/\/loudenvielle.wellness-sport-camping.com\/wp-content\/uploads\/lac-genos-loudenvielle-a.jpg 1200w, https:\/\/loudenvielle.wellness-sport-camping.com\/wp-content\/uploads\/lac-genos-loudenvielle-a-1024x683.jpg 1024w, https:\/\/loudenvielle.wellness-sport-camping.com\/wp-content\/uploads\/lac-genos-loudenvielle-a-768x512.jpg 768w, https:\/\/loudenvielle.wellness-sport-camping.com\/wp-content\/uploads\/lac-genos-loudenvielle-a-512x341.jpg 512w, https:\/\/loudenvielle.wellness-sport-camping.com\/wp-content\/uploads\/lac-genos-loudenvielle-a-256x171.jpg 256w\" sizes=\"auto, (max-width: 1200px) 100vw, 1200px\" \/><\/a><\/figure>\n\n\n\n<figure class=\"wp-block-image size-full\"><a href=\"https:\/\/loudenvielle.wellness-sport-camping.com\/wp-content\/uploads\/genos-vtt-1-a.jpg\" class=\"image-link\"><img loading=\"lazy\" decoding=\"async\" width=\"1200\" height=\"800\" data-id=\"1696\" src=\"https:\/\/loudenvielle.wellness-sport-camping.com\/wp-content\/uploads\/genos-vtt-1-a.jpg\" alt=\"\" class=\"wp-image-1696\" srcset=\"https:\/\/loudenvielle.wellness-sport-camping.com\/wp-content\/uploads\/genos-vtt-1-a.jpg 1200w, https:\/\/loudenvielle.wellness-sport-camping.com\/wp-content\/uploads\/genos-vtt-1-a-1024x683.jpg 1024w, https:\/\/loudenvielle.wellness-sport-camping.com\/wp-content\/uploads\/genos-vtt-1-a-768x512.jpg 768w, https:\/\/loudenvielle.wellness-sport-camping.com\/wp-content\/uploads\/genos-vtt-1-a-512x341.jpg 512w, https:\/\/loudenvielle.wellness-sport-camping.com\/wp-content\/uploads\/genos-vtt-1-a-256x171.jpg 256w\" sizes=\"auto, (max-width: 1200px) 100vw, 1200px\" \/><\/a><\/figure>\n\n\n\n<figure class=\"wp-block-image size-full\"><a href=\"https:\/\/loudenvielle.wellness-sport-camping.com\/wp-content\/uploads\/adobestock-327596618.jpg\" class=\"image-link\"><img loading=\"lazy\" decoding=\"async\" width=\"1200\" height=\"800\" data-id=\"1693\" src=\"https:\/\/loudenvielle.wellness-sport-camping.com\/wp-content\/uploads\/adobestock-327596618.jpg\" alt=\"\" class=\"wp-image-1693\" srcset=\"https:\/\/loudenvielle.wellness-sport-camping.com\/wp-content\/uploads\/adobestock-327596618.jpg 1200w, https:\/\/loudenvielle.wellness-sport-camping.com\/wp-content\/uploads\/adobestock-327596618-1024x683.jpg 1024w, https:\/\/loudenvielle.wellness-sport-camping.com\/wp-content\/uploads\/adobestock-327596618-768x512.jpg 768w, https:\/\/loudenvielle.wellness-sport-camping.com\/wp-content\/uploads\/adobestock-327596618-512x341.jpg 512w, https:\/\/loudenvielle.wellness-sport-camping.com\/wp-content\/uploads\/adobestock-327596618-256x171.jpg 256w\" sizes=\"auto, (max-width: 1200px) 100vw, 1200px\" \/><\/a><\/figure>\n<\/figure>\n<\/div>\n<\/div>\n<\/div>\n","protected":false},"excerpt":{"rendered":"<p>Atraviese el t\u00fanel de Aragnouet y encu\u00e9ntrese en los ca\u00f1ones espa\u00f1oles y disfrute de unas tapas en un ambiente c\u00e1lido.<\/p>\n","protected":false},"author":5,"featured_media":1692,"parent":1923,"menu_order":1,"comment_status":"closed","ping_status":"closed","template":"","meta":{"_acf_changed":false,"inline_featured_image":false,"footnotes":""},"class_list":["post-1927","page","type-page","status-publish","has-post-thumbnail","hentry"],"acf":[],"yoast_head":"<!-- This site is optimized with the Yoast SEO plugin v27.1.1 - https:\/\/yoast.com\/product\/yoast-seo-wordpress\/ -->\n<title>Espa\u00f1a a su puerta del camping La P\u00e8ne Blanche.<\/title>\n<meta name=\"description\" content=\"Disfrute de los ca\u00f1ones espa\u00f1oles a poca distancia de La P\u00e8ne Blanche y del\u00e9itese con unas tapas.\" \/>\n<meta name=\"robots\" content=\"index, follow, max-snippet:-1, max-image-preview:large, max-video-preview:-1\" \/>\n<link rel=\"canonical\" href=\"https:\/\/loudenvielle.wellness-sport-camping.com\/es\/por-todas-partes\/espana-a-su-puerta\/\" \/>\n<meta property=\"og:locale\" content=\"es_ES\" \/>\n<meta property=\"og:type\" content=\"article\" \/>\n<meta property=\"og:title\" content=\"Espa\u00f1a a su puerta del camping La P\u00e8ne Blanche.\" \/>\n<meta property=\"og:description\" content=\"Disfrute de los ca\u00f1ones espa\u00f1oles a poca distancia de La P\u00e8ne Blanche y del\u00e9itese con unas tapas.\" \/>\n<meta property=\"og:url\" content=\"https:\/\/loudenvielle.wellness-sport-camping.com\/es\/por-todas-partes\/espana-a-su-puerta\/\" \/>\n<meta property=\"og:site_name\" content=\"Camping la P\u00e8ne Blanche\" \/>\n<meta property=\"article:modified_time\" content=\"2023-06-07T07:33:25+00:00\" \/>\n<meta property=\"og:image\" content=\"https:\/\/loudenvielle.wellness-sport-camping.com\/wp-content\/uploads\/adobestock-145378351.jpg\" \/>\n\t<meta property=\"og:image:width\" content=\"1200\" \/>\n\t<meta property=\"og:image:height\" content=\"800\" \/>\n\t<meta property=\"og:image:type\" content=\"image\/jpeg\" \/>\n<meta name=\"twitter:card\" content=\"summary_large_image\" \/>\n<meta name=\"twitter:label1\" content=\"Tiempo de lectura\" \/>\n\t<meta name=\"twitter:data1\" content=\"3 minutos\" \/>\n<script type=\"application\/ld+json\" class=\"yoast-schema-graph\">{\"@context\":\"https:\/\/schema.org\",\"@graph\":[{\"@type\":\"WebPage\",\"@id\":\"https:\/\/loudenvielle.wellness-sport-camping.com\/es\/por-todas-partes\/espana-a-su-puerta\/\",\"url\":\"https:\/\/loudenvielle.wellness-sport-camping.com\/es\/por-todas-partes\/espana-a-su-puerta\/\",\"name\":\"Espa\u00f1a a su puerta del camping La P\u00e8ne Blanche.\",\"isPartOf\":{\"@id\":\"https:\/\/loudenvielle.wellness-sport-camping.com\/es\/#website\"},\"primaryImageOfPage\":{\"@id\":\"https:\/\/loudenvielle.wellness-sport-camping.com\/es\/por-todas-partes\/espana-a-su-puerta\/#primaryimage\"},\"image\":{\"@id\":\"https:\/\/loudenvielle.wellness-sport-camping.com\/es\/por-todas-partes\/espana-a-su-puerta\/#primaryimage\"},\"thumbnailUrl\":\"https:\/\/loudenvielle.wellness-sport-camping.com\/wp-content\/uploads\/adobestock-145378351.jpg\",\"datePublished\":\"2023-03-13T12:19:14+00:00\",\"dateModified\":\"2023-06-07T07:33:25+00:00\",\"description\":\"Disfrute de los ca\u00f1ones espa\u00f1oles a poca distancia de La P\u00e8ne Blanche y del\u00e9itese con unas tapas.\",\"breadcrumb\":{\"@id\":\"https:\/\/loudenvielle.wellness-sport-camping.com\/es\/por-todas-partes\/espana-a-su-puerta\/#breadcrumb\"},\"inLanguage\":\"es\",\"potentialAction\":[{\"@type\":\"ReadAction\",\"target\":[\"https:\/\/loudenvielle.wellness-sport-camping.com\/es\/por-todas-partes\/espana-a-su-puerta\/\"]}]},{\"@type\":\"ImageObject\",\"inLanguage\":\"es\",\"@id\":\"https:\/\/loudenvielle.wellness-sport-camping.com\/es\/por-todas-partes\/espana-a-su-puerta\/#primaryimage\",\"url\":\"https:\/\/loudenvielle.wellness-sport-camping.com\/wp-content\/uploads\/adobestock-145378351.jpg\",\"contentUrl\":\"https:\/\/loudenvielle.wellness-sport-camping.com\/wp-content\/uploads\/adobestock-145378351.jpg\",\"width\":1200,\"height\":800},{\"@type\":\"BreadcrumbList\",\"@id\":\"https:\/\/loudenvielle.wellness-sport-camping.com\/es\/por-todas-partes\/espana-a-su-puerta\/#breadcrumb\",\"itemListElement\":[{\"@type\":\"ListItem\",\"position\":1,\"name\":\"Inicio\",\"item\":\"https:\/\/loudenvielle.wellness-sport-camping.com\/es\/\"},{\"@type\":\"ListItem\",\"position\":2,\"name\":\"Por todas partes\",\"item\":\"https:\/\/loudenvielle.wellness-sport-camping.com\/es\/por-todas-partes\/\"},{\"@type\":\"ListItem\",\"position\":3,\"name\":\"Espa\u00f1a a su puerta\"}]},{\"@type\":\"WebSite\",\"@id\":\"https:\/\/loudenvielle.wellness-sport-camping.com\/es\/#website\",\"url\":\"https:\/\/loudenvielle.wellness-sport-camping.com\/es\/\",\"name\":\"Camping la P\u00e8ne Blanche\",\"description\":\"\u00e0 Loudenvielle dans les Hautes-Pyr\u00e9n\u00e9es\",\"publisher\":{\"@id\":\"https:\/\/loudenvielle.wellness-sport-camping.com\/es\/#organization\"},\"potentialAction\":[{\"@type\":\"SearchAction\",\"target\":{\"@type\":\"EntryPoint\",\"urlTemplate\":\"https:\/\/loudenvielle.wellness-sport-camping.com\/es\/?s={search_term_string}\"},\"query-input\":{\"@type\":\"PropertyValueSpecification\",\"valueRequired\":true,\"valueName\":\"search_term_string\"}}],\"inLanguage\":\"es\"},{\"@type\":\"Organization\",\"@id\":\"https:\/\/loudenvielle.wellness-sport-camping.com\/es\/#organization\",\"name\":\"Camping la P\u00e8ne Blanche\",\"url\":\"https:\/\/loudenvielle.wellness-sport-camping.com\/es\/\",\"logo\":{\"@type\":\"ImageObject\",\"inLanguage\":\"es\",\"@id\":\"https:\/\/loudenvielle.wellness-sport-camping.com\/es\/#\/schema\/logo\/image\/\",\"url\":\"https:\/\/loudenvielle.wellness-sport-camping.com\/wp-content\/uploads\/logo-penne-blanche.png\",\"contentUrl\":\"https:\/\/loudenvielle.wellness-sport-camping.com\/wp-content\/uploads\/logo-penne-blanche.png\",\"width\":260,\"height\":137,\"caption\":\"Camping la P\u00e8ne Blanche\"},\"image\":{\"@id\":\"https:\/\/loudenvielle.wellness-sport-camping.com\/es\/#\/schema\/logo\/image\/\"}}]}<\/script>\n<!-- \/ Yoast SEO plugin. -->","yoast_head_json":{"title":"Espa\u00f1a a su puerta del camping La P\u00e8ne Blanche.","description":"Disfrute de los ca\u00f1ones espa\u00f1oles a poca distancia de La P\u00e8ne Blanche y del\u00e9itese con unas tapas.","robots":{"index":"index","follow":"follow","max-snippet":"max-snippet:-1","max-image-preview":"max-image-preview:large","max-video-preview":"max-video-preview:-1"},"canonical":"https:\/\/loudenvielle.wellness-sport-camping.com\/es\/por-todas-partes\/espana-a-su-puerta\/","og_locale":"es_ES","og_type":"article","og_title":"Espa\u00f1a a su puerta del camping La P\u00e8ne Blanche.","og_description":"Disfrute de los ca\u00f1ones espa\u00f1oles a poca distancia de La P\u00e8ne Blanche y del\u00e9itese con unas tapas.","og_url":"https:\/\/loudenvielle.wellness-sport-camping.com\/es\/por-todas-partes\/espana-a-su-puerta\/","og_site_name":"Camping la P\u00e8ne Blanche","article_modified_time":"2023-06-07T07:33:25+00:00","og_image":[{"width":1200,"height":800,"url":"https:\/\/loudenvielle.wellness-sport-camping.com\/wp-content\/uploads\/adobestock-145378351.jpg","type":"image\/jpeg"}],"twitter_card":"summary_large_image","twitter_misc":{"Tiempo de lectura":"3 minutos"},"schema":{"@context":"https:\/\/schema.org","@graph":[{"@type":"WebPage","@id":"https:\/\/loudenvielle.wellness-sport-camping.com\/es\/por-todas-partes\/espana-a-su-puerta\/","url":"https:\/\/loudenvielle.wellness-sport-camping.com\/es\/por-todas-partes\/espana-a-su-puerta\/","name":"Espa\u00f1a a su puerta del camping La P\u00e8ne Blanche.","isPartOf":{"@id":"https:\/\/loudenvielle.wellness-sport-camping.com\/es\/#website"},"primaryImageOfPage":{"@id":"https:\/\/loudenvielle.wellness-sport-camping.com\/es\/por-todas-partes\/espana-a-su-puerta\/#primaryimage"},"image":{"@id":"https:\/\/loudenvielle.wellness-sport-camping.com\/es\/por-todas-partes\/espana-a-su-puerta\/#primaryimage"},"thumbnailUrl":"https:\/\/loudenvielle.wellness-sport-camping.com\/wp-content\/uploads\/adobestock-145378351.jpg","datePublished":"2023-03-13T12:19:14+00:00","dateModified":"2023-06-07T07:33:25+00:00","description":"Disfrute de los ca\u00f1ones espa\u00f1oles a poca distancia de La P\u00e8ne Blanche y del\u00e9itese con unas tapas.","breadcrumb":{"@id":"https:\/\/loudenvielle.wellness-sport-camping.com\/es\/por-todas-partes\/espana-a-su-puerta\/#breadcrumb"},"inLanguage":"es","potentialAction":[{"@type":"ReadAction","target":["https:\/\/loudenvielle.wellness-sport-camping.com\/es\/por-todas-partes\/espana-a-su-puerta\/"]}]},{"@type":"ImageObject","inLanguage":"es","@id":"https:\/\/loudenvielle.wellness-sport-camping.com\/es\/por-todas-partes\/espana-a-su-puerta\/#primaryimage","url":"https:\/\/loudenvielle.wellness-sport-camping.com\/wp-content\/uploads\/adobestock-145378351.jpg","contentUrl":"https:\/\/loudenvielle.wellness-sport-camping.com\/wp-content\/uploads\/adobestock-145378351.jpg","width":1200,"height":800},{"@type":"BreadcrumbList","@id":"https:\/\/loudenvielle.wellness-sport-camping.com\/es\/por-todas-partes\/espana-a-su-puerta\/#breadcrumb","itemListElement":[{"@type":"ListItem","position":1,"name":"Inicio","item":"https:\/\/loudenvielle.wellness-sport-camping.com\/es\/"},{"@type":"ListItem","position":2,"name":"Por todas partes","item":"https:\/\/loudenvielle.wellness-sport-camping.com\/es\/por-todas-partes\/"},{"@type":"ListItem","position":3,"name":"Espa\u00f1a a su puerta"}]},{"@type":"WebSite","@id":"https:\/\/loudenvielle.wellness-sport-camping.com\/es\/#website","url":"https:\/\/loudenvielle.wellness-sport-camping.com\/es\/","name":"Camping la P\u00e8ne Blanche","description":"\u00e0 Loudenvielle dans les Hautes-Pyr\u00e9n\u00e9es","publisher":{"@id":"https:\/\/loudenvielle.wellness-sport-camping.com\/es\/#organization"},"potentialAction":[{"@type":"SearchAction","target":{"@type":"EntryPoint","urlTemplate":"https:\/\/loudenvielle.wellness-sport-camping.com\/es\/?s={search_term_string}"},"query-input":{"@type":"PropertyValueSpecification","valueRequired":true,"valueName":"search_term_string"}}],"inLanguage":"es"},{"@type":"Organization","@id":"https:\/\/loudenvielle.wellness-sport-camping.com\/es\/#organization","name":"Camping la P\u00e8ne Blanche","url":"https:\/\/loudenvielle.wellness-sport-camping.com\/es\/","logo":{"@type":"ImageObject","inLanguage":"es","@id":"https:\/\/loudenvielle.wellness-sport-camping.com\/es\/#\/schema\/logo\/image\/","url":"https:\/\/loudenvielle.wellness-sport-camping.com\/wp-content\/uploads\/logo-penne-blanche.png","contentUrl":"https:\/\/loudenvielle.wellness-sport-camping.com\/wp-content\/uploads\/logo-penne-blanche.png","width":260,"height":137,"caption":"Camping la P\u00e8ne Blanche"},"image":{"@id":"https:\/\/loudenvielle.wellness-sport-camping.com\/es\/#\/schema\/logo\/image\/"}}]}},"_links":{"self":[{"href":"https:\/\/loudenvielle.wellness-sport-camping.com\/es\/wp-json\/wp\/v2\/pages\/1927","targetHints":{"allow":["GET"]}}],"collection":[{"href":"https:\/\/loudenvielle.wellness-sport-camping.com\/es\/wp-json\/wp\/v2\/pages"}],"about":[{"href":"https:\/\/loudenvielle.wellness-sport-camping.com\/es\/wp-json\/wp\/v2\/types\/page"}],"author":[{"embeddable":true,"href":"https:\/\/loudenvielle.wellness-sport-camping.com\/es\/wp-json\/wp\/v2\/users\/5"}],"replies":[{"embeddable":true,"href":"https:\/\/loudenvielle.wellness-sport-camping.com\/es\/wp-json\/wp\/v2\/comments?post=1927"}],"version-history":[{"count":2,"href":"https:\/\/loudenvielle.wellness-sport-camping.com\/es\/wp-json\/wp\/v2\/pages\/1927\/revisions"}],"predecessor-version":[{"id":2443,"href":"https:\/\/loudenvielle.wellness-sport-camping.com\/es\/wp-json\/wp\/v2\/pages\/1927\/revisions\/2443"}],"up":[{"embeddable":true,"href":"https:\/\/loudenvielle.wellness-sport-camping.com\/es\/wp-json\/wp\/v2\/pages\/1923"}],"wp:featuredmedia":[{"embeddable":true,"href":"https:\/\/loudenvielle.wellness-sport-camping.com\/es\/wp-json\/wp\/v2\/media\/1692"}],"wp:attachment":[{"href":"https:\/\/loudenvielle.wellness-sport-camping.com\/es\/wp-json\/wp\/v2\/media?parent=1927"}],"curies":[{"name":"wp","href":"https:\/\/api.w.org\/{rel}","templated":true}]}}