{"id":1919,"date":"2023-03-06T17:09:36","date_gmt":"2023-03-06T16:09:36","guid":{"rendered":"https:\/\/loudenvielle.wellness-sport-camping.com\/le-camping\/hiver\/"},"modified":"2023-09-06T12:00:24","modified_gmt":"2023-09-06T10:00:24","slug":"invierno","status":"publish","type":"page","link":"https:\/\/loudenvielle.wellness-sport-camping.com\/es\/el-camping\/invierno\/","title":{"rendered":"Invierno"},"content":{"rendered":"\n<div class=\"wp-block-cover alignfull header-top simbol-top-left\" style=\"margin-top:0px;margin-bottom:0px;padding-top:0;padding-right:0;padding-bottom:0px;padding-left:0;min-height:95vh;aspect-ratio:unset;\"><span aria-hidden=\"true\" class=\"wp-block-cover__background has-background-dim-20 has-background-dim\"><\/span><img loading=\"lazy\" decoding=\"async\" width=\"1920\" height=\"1000\" class=\"wp-block-cover__image-background wp-image-2349\" alt=\"\" src=\"https:\/\/loudenvielle.wellness-sport-camping.com\/wp-content\/uploads\/en-hiver-top.jpg\" data-object-fit=\"cover\" srcset=\"https:\/\/loudenvielle.wellness-sport-camping.com\/wp-content\/uploads\/en-hiver-top.jpg 1920w, https:\/\/loudenvielle.wellness-sport-camping.com\/wp-content\/uploads\/en-hiver-top-1024x533.jpg 1024w, https:\/\/loudenvielle.wellness-sport-camping.com\/wp-content\/uploads\/en-hiver-top-768x400.jpg 768w, https:\/\/loudenvielle.wellness-sport-camping.com\/wp-content\/uploads\/en-hiver-top-1536x800.jpg 1536w, https:\/\/loudenvielle.wellness-sport-camping.com\/wp-content\/uploads\/en-hiver-top-512x267.jpg 512w, https:\/\/loudenvielle.wellness-sport-camping.com\/wp-content\/uploads\/en-hiver-top-256x133.jpg 256w\" sizes=\"auto, (max-width: 1920px) 100vw, 1920px\" \/><div class=\"wp-block-cover__inner-container is-layout-flow wp-block-cover-is-layout-flow\">\n<div class=\"wp-block-group titre-top animation--init--once animation--top is-layout-constrained wp-block-group-is-layout-constrained\" style=\"padding-bottom:0px\">\n<p class=\"has-text-align-center has-theme-white-color has-text-color has-damion-font-family has-h-1-font-size\">En Invierno<\/p>\n\n\n\n<p class=\"has-text-align-center has-theme-white-color has-text-color\"><\/p>\n<\/div>\n\n\n\n<div class=\"wp-block-group breadcrumbs-top is-layout-constrained wp-block-group-is-layout-constrained\" style=\"margin-top:10px;margin-bottom:0px\">\n<span><span><a href=\"https:\/\/loudenvielle.wellness-sport-camping.com\/es\/\">Inicio<\/a><\/span><\/span>\n<\/div>\n\n\n\n<div class=\"wp-block-group alignfull motor-thelis has-theme-brown-2-background-color has-background is-layout-constrained wp-container-core-group-is-layout-e129b69f wp-block-group-is-layout-constrained\" style=\"padding-top:0px;padding-right:0px;padding-bottom:0px;padding-left:0px\">\n<div class=\"wp-block-columns is-layout-flex wp-container-core-columns-is-layout-28f84493 wp-block-columns-is-layout-flex\">\n<div class=\"wp-block-column is-layout-flow wp-block-column-is-layout-flow\" style=\"flex-basis:100%\">\n<section class=\"formulaire-de-recherche-bar\">\r\n            <div id=\"expand-thelis-formulaire\">Reservar<\/div>\r\n            <div class=\"container-form\"><thr-search-engine><\/thr-search-engine><a id=\"pay-btn-2\" onclick=\"window.open('https:\/\/thelisresa.webcamp.fr\/cart-directPayment.php?camping=fhjc8911&amp;lang=es');\"><i><\/i>Pagar estancia<\/a>\r\n            <style>\r\n            \r\n            .thr-search-engine .thr-search-engine-main > .thr-btn-search { max-width: 20% !important; }\r\n            .thr .btn i { margin-right: 0 !important; }\r\n            #pay-btn-2 { \r\n                position: absolute;\r\n                right: 0;top: 0;\r\n                margin: 10px;\r\n                border: 0;\r\n                background-color: ;\r\n                color: ;\r\n                cursor: pointer;\r\n                width: calc(17% - 5px);\r\n                padding: 17px 0;\r\n                font-size: 18px;\r\n                font-weight: bold;\r\n                text-transform: auto;\r\n                transition: all .35s;\r\n                display: flex;justify-content: center;\r\n                align-items: center;\r\n            }\r\n            #pay-btn-2 i {\r\n                display: inline-flex;\r\n                width:18px;height:18px;\r\n                margin-right: 5px;\r\n                background-image: url('data:image\/svg+xml;utf8,<?xml version=\"1.0\" encoding=\"utf-8\"?><svg width=\"1792\" height=\"1792\" viewBox=\"0 0 1792 1792\" xmlns=\"http:\/\/www.w3.org\/2000\/svg\"><path d=\"M704 1536q0 52-38 90t-90 38-90-38-38-90 38-90 90-38 90 38 38 90zm896 0q0 52-38 90t-90 38-90-38-38-90 38-90 90-38 90 38 38 90zm128-1088v512q0 24-16.5 42.5t-40.5 21.5l-1044 122q13 60 13 70 0 16-24 64h920q26 0 45 19t19 45-19 45-45 19h-1024q-26 0-45-19t-19-45q0-11 8-31.5t16-36 21.5-40 15.5-29.5l-177-823h-204q-26 0-45-19t-19-45 19-45 45-19h256q16 0 28.5 6.5t19.5 15.5 13 24.5 8 26 5.5 29.5 4.5 26h1201q26 0 45 19t19 45z\" fill=\"rgba(255,255,255,1)\" \/><\/svg>');\r\n                background-size: cover;background-position: center center;background-repeat: no-repeat;\r\n            }\r\n            #pay-btn-2:hover { background-color: ; }\r\n            .thr-search-engine { width: 83%; }\r\n\r\n            @media screen and (max-width: 1024px) {\r\n                #pay-btn-2 { top: 52px; }\r\n                .thr-search-engine .thr-search-engine-main > .thr-btn-search { max-width: inherit !important; }\r\n            }\r\n            @media screen and (max-width: 990px) {\r\n                .thr-search-engine { width: 100%; }\r\n                #pay-btn-2 { position: relative;width: calc(100% - 20px);top: auto;margin-top: 0; }\r\n            }\r\n\r\n            thr-search-engine { border-right: 200px rgba(0,0,0,0) solid;display: block; }\r\n            @media screen and (max-width: 1024px) {\r\n                thr-search-engine { border-right: inherit;display: inherit; }\r\n            }\r\n            <\/style>\r\n            <\/div><\/section><!-- .formulaire-de-recherche-bar --><style>\r\n        #expand-thelis-formulaire { display: none; }\r\n        @media screen and (max-width: 1024px) {\r\n            #expand-thelis-formulaire { display: block; }\r\n            .formulaire-de-recherche-bar .container-form { display: none; }\r\n        }\r\n    <\/style><script>\r\n    jQuery(document).ready(function($){\r\n        jQuery('#expand-thelis-formulaire').click(function(){\r\n            if(\r\n                jQuery('.formulaire-de-recherche-bar .container-form').css('display') == 'none'\r\n            ){\r\n                jQuery('.formulaire-de-recherche-bar .container-form').css('display', 'block');\r\n                jQuery('#expand-thelis-formulaire').addClass('expanded');\r\n            }else{\r\n                jQuery('.formulaire-de-recherche-bar .container-form').css('display', 'none');\r\n                jQuery('#expand-thelis-formulaire').removeClass('expanded');\r\n            }\r\n        });\r\n    });\r\n    <\/script>\n<\/div>\n<\/div>\n<\/div>\n<\/div><\/div>\n\n\n\n<div class=\"wp-block-group alignfull page-intro simbol-top-right-2 is-layout-constrained wp-block-group-is-layout-constrained\">\n<div class=\"wp-block-columns is-layout-flex wp-container-core-columns-is-layout-28f84493 wp-block-columns-is-layout-flex\">\n<div class=\"wp-block-column is-layout-flow wp-block-column-is-layout-flow\">\n<h1 class=\"wp-block-heading has-text-align-center simbol-titre has-sub\">El Camping La P\u00e8ne Blanche<sub><span>Vacaciones de esqu\u00ed y bienestar<\/span><\/sub><\/h1>\n\n\n\n<p>Disfrutar de los placeres de los deportes de invierno y relajarse por la noche en el camping es la esencia de nuestro camping de bienestar<\/p>\n\n\n\n<p>Con el telef\u00e9rico Skyvall a dos pasos del camping, la estaci\u00f3n de Peyragudes est\u00e1 a s\u00f3lo 10 minutos. Compre su forfait directamente en la recepci\u00f3n del camping para disfrutar de las pistas directamente desde el telef\u00e9rico. La zona est\u00e1 orientada para estar al sol todo el d\u00eda y es apta tanto para esquiadores experimentados como para principiantes. Tambi\u00e9n a 10 minutos del camping se encuentra la estaci\u00f3n de esqu\u00ed de Val Louron, que cuenta con una zona para principiantes algo m\u00e1s amplia y vistas de 360 grados desde lo alto de las pistas.<\/p>\n\n\n\n<p>Despu\u00e9s de sus sesiones de esqu\u00ed, qu\u00e9 mejor manera de recuperarse que en un ba\u00f1o caliente al aire libre con vistas a las monta\u00f1as nevadas. Sum\u00e9rjase en el agua a 35\u00b0 para relajar los m\u00fasculos y la mente. Por la noche, re\u00fanase alrededor del brasero para disfrutar de un momento de convivencia antes de irse a dormir. Tambi\u00e9n ponemos a su disposici\u00f3n una gu\u00eda de ejercicios suaves para despertarse y estirarse por la ma\u00f1ana a fin de preparar el cuerpo para sus jornadas de esqu\u00ed.<\/p>\n<\/div>\n<\/div>\n\n\n\n<figure class=\"wp-block-gallery has-nested-images columns-default is-cropped wp-block-gallery-1 is-layout-flex wp-block-gallery-is-layout-flex\">\n<figure class=\"wp-block-image size-large\"><img loading=\"lazy\" decoding=\"async\" width=\"1200\" height=\"800\" data-id=\"2416\" src=\"https:\/\/loudenvielle.wellness-sport-camping.com\/wp-content\/uploads\/station-sport-hiver-03.jpg\" alt=\"\" class=\"wp-image-2416\" srcset=\"https:\/\/loudenvielle.wellness-sport-camping.com\/wp-content\/uploads\/station-sport-hiver-03.jpg 1200w, https:\/\/loudenvielle.wellness-sport-camping.com\/wp-content\/uploads\/station-sport-hiver-03-1024x683.jpg 1024w, https:\/\/loudenvielle.wellness-sport-camping.com\/wp-content\/uploads\/station-sport-hiver-03-768x512.jpg 768w, https:\/\/loudenvielle.wellness-sport-camping.com\/wp-content\/uploads\/station-sport-hiver-03-512x341.jpg 512w, https:\/\/loudenvielle.wellness-sport-camping.com\/wp-content\/uploads\/station-sport-hiver-03-256x171.jpg 256w\" sizes=\"auto, (max-width: 1200px) 100vw, 1200px\" \/><\/figure>\n\n\n\n<figure class=\"wp-block-image size-large\"><img loading=\"lazy\" decoding=\"async\" width=\"1200\" height=\"800\" data-id=\"2415\" src=\"https:\/\/loudenvielle.wellness-sport-camping.com\/wp-content\/uploads\/station-sport-hiver-02.jpg\" alt=\"\" class=\"wp-image-2415\" srcset=\"https:\/\/loudenvielle.wellness-sport-camping.com\/wp-content\/uploads\/station-sport-hiver-02.jpg 1200w, https:\/\/loudenvielle.wellness-sport-camping.com\/wp-content\/uploads\/station-sport-hiver-02-1024x683.jpg 1024w, https:\/\/loudenvielle.wellness-sport-camping.com\/wp-content\/uploads\/station-sport-hiver-02-768x512.jpg 768w, https:\/\/loudenvielle.wellness-sport-camping.com\/wp-content\/uploads\/station-sport-hiver-02-512x341.jpg 512w, https:\/\/loudenvielle.wellness-sport-camping.com\/wp-content\/uploads\/station-sport-hiver-02-256x171.jpg 256w\" sizes=\"auto, (max-width: 1200px) 100vw, 1200px\" \/><\/figure>\n\n\n\n<figure class=\"wp-block-image size-large\"><img loading=\"lazy\" decoding=\"async\" width=\"1920\" height=\"1000\" data-id=\"2421\" src=\"https:\/\/loudenvielle.wellness-sport-camping.com\/wp-content\/uploads\/station-sport-hiver-parallax.jpg\" alt=\"\" class=\"wp-image-2421\" srcset=\"https:\/\/loudenvielle.wellness-sport-camping.com\/wp-content\/uploads\/station-sport-hiver-parallax.jpg 1920w, https:\/\/loudenvielle.wellness-sport-camping.com\/wp-content\/uploads\/station-sport-hiver-parallax-1024x533.jpg 1024w, https:\/\/loudenvielle.wellness-sport-camping.com\/wp-content\/uploads\/station-sport-hiver-parallax-768x400.jpg 768w, https:\/\/loudenvielle.wellness-sport-camping.com\/wp-content\/uploads\/station-sport-hiver-parallax-1536x800.jpg 1536w, https:\/\/loudenvielle.wellness-sport-camping.com\/wp-content\/uploads\/station-sport-hiver-parallax-512x267.jpg 512w, https:\/\/loudenvielle.wellness-sport-camping.com\/wp-content\/uploads\/station-sport-hiver-parallax-256x133.jpg 256w\" sizes=\"auto, (max-width: 1920px) 100vw, 1920px\" \/><\/figure>\n<\/figure>\n\n\n\n<figure class=\"wp-block-image size-full\"><img loading=\"lazy\" decoding=\"async\" width=\"1500\" height=\"844\" src=\"https:\/\/loudenvielle.wellness-sport-camping.com\/wp-content\/uploads\/partenaires-top-edited.jpg\" alt=\"\" class=\"wp-image-2884\" srcset=\"https:\/\/loudenvielle.wellness-sport-camping.com\/wp-content\/uploads\/partenaires-top-edited.jpg 1500w, https:\/\/loudenvielle.wellness-sport-camping.com\/wp-content\/uploads\/partenaires-top-edited-1024x576.jpg 1024w, https:\/\/loudenvielle.wellness-sport-camping.com\/wp-content\/uploads\/partenaires-top-edited-768x432.jpg 768w, https:\/\/loudenvielle.wellness-sport-camping.com\/wp-content\/uploads\/partenaires-top-edited-512x288.jpg 512w, https:\/\/loudenvielle.wellness-sport-camping.com\/wp-content\/uploads\/partenaires-top-edited-256x144.jpg 256w\" sizes=\"auto, (max-width: 1500px) 100vw, 1500px\" \/><\/figure>\n<\/div>\n\n\n\n<div class=\"wp-block-group alignfull nos-offres simbol-top-left is-layout-constrained wp-block-group-is-layout-constrained\" style=\"margin-top:0px\">\n<div class=\"wp-block-columns is-layout-flex wp-container-core-columns-is-layout-28f84493 wp-block-columns-is-layout-flex\">\n<div class=\"wp-block-column is-layout-flow wp-block-column-is-layout-flow\">\n<h2 class=\"wp-block-heading has-text-align-center simbol-titre\">Nuestra selecci\u00f3n de estancias<\/h2>\n\n\n\n<thr-favorites quantity = \"\"><\/thr-favorites>\n<\/div>\n<\/div>\n<\/div>\n","protected":false},"excerpt":{"rendered":"<p>Lorem ipsum dolor sit amet, consectetur adipiscing elit, sed do eiusmod tempor incididunt ut labore et dolore magna aliqua.<br \/>\nQuis ipsum suspendisse ultrices gravida. Risus commodo viverra maecenas accumsan lacus vel facilisis. <\/p>\n","protected":false},"author":5,"featured_media":0,"parent":1917,"menu_order":0,"comment_status":"closed","ping_status":"closed","template":"","meta":{"_acf_changed":false,"inline_featured_image":false,"footnotes":""},"class_list":["post-1919","page","type-page","status-publish","hentry"],"acf":[],"yoast_head":"<!-- This site is optimized with the Yoast SEO plugin v27.1.1 - https:\/\/yoast.com\/product\/yoast-seo-wordpress\/ -->\n<title>Disfrute de unas vacaciones de esqu\u00ed en La P\u00e8ne Blanche<\/title>\n<meta name=\"description\" content=\"Disfrute de los placeres de los deportes de invierno en el camping La P\u00e8ne Blanche, cerca de las estaciones de Peyragudes y Val Louron.\" \/>\n<meta name=\"robots\" content=\"index, follow, max-snippet:-1, max-image-preview:large, max-video-preview:-1\" \/>\n<link rel=\"canonical\" href=\"https:\/\/loudenvielle.wellness-sport-camping.com\/es\/el-camping\/invierno\/\" \/>\n<meta property=\"og:locale\" content=\"es_ES\" \/>\n<meta property=\"og:type\" content=\"article\" \/>\n<meta property=\"og:title\" content=\"Disfrute de unas vacaciones de esqu\u00ed en La P\u00e8ne Blanche\" \/>\n<meta property=\"og:description\" content=\"Disfrute de los placeres de los deportes de invierno en el camping La P\u00e8ne Blanche, cerca de las estaciones de Peyragudes y Val Louron.\" \/>\n<meta property=\"og:url\" content=\"https:\/\/loudenvielle.wellness-sport-camping.com\/es\/el-camping\/invierno\/\" \/>\n<meta property=\"og:site_name\" content=\"Camping la P\u00e8ne Blanche\" \/>\n<meta property=\"article:modified_time\" content=\"2023-09-06T10:00:24+00:00\" \/>\n<meta property=\"og:image\" content=\"https:\/\/loudenvielle.wellness-sport-camping.com\/wp-content\/uploads\/en-hiver-top.jpg\" \/>\n<meta name=\"twitter:card\" content=\"summary_large_image\" \/>\n<meta name=\"twitter:label1\" content=\"Tiempo de lectura\" \/>\n\t<meta name=\"twitter:data1\" content=\"3 minutos\" \/>\n<script type=\"application\/ld+json\" class=\"yoast-schema-graph\">{\"@context\":\"https:\/\/schema.org\",\"@graph\":[{\"@type\":\"WebPage\",\"@id\":\"https:\/\/loudenvielle.wellness-sport-camping.com\/es\/el-camping\/invierno\/\",\"url\":\"https:\/\/loudenvielle.wellness-sport-camping.com\/es\/el-camping\/invierno\/\",\"name\":\"Disfrute de unas vacaciones de esqu\u00ed en La P\u00e8ne Blanche\",\"isPartOf\":{\"@id\":\"https:\/\/loudenvielle.wellness-sport-camping.com\/es\/#website\"},\"primaryImageOfPage\":{\"@id\":\"https:\/\/loudenvielle.wellness-sport-camping.com\/es\/el-camping\/invierno\/#primaryimage\"},\"image\":{\"@id\":\"https:\/\/loudenvielle.wellness-sport-camping.com\/es\/el-camping\/invierno\/#primaryimage\"},\"thumbnailUrl\":\"https:\/\/loudenvielle.wellness-sport-camping.com\/wp-content\/uploads\/en-hiver-top.jpg\",\"datePublished\":\"2023-03-06T16:09:36+00:00\",\"dateModified\":\"2023-09-06T10:00:24+00:00\",\"description\":\"Disfrute de los placeres de los deportes de invierno en el camping La P\u00e8ne Blanche, cerca de las estaciones de Peyragudes y Val Louron.\",\"breadcrumb\":{\"@id\":\"https:\/\/loudenvielle.wellness-sport-camping.com\/es\/el-camping\/invierno\/#breadcrumb\"},\"inLanguage\":\"es\",\"potentialAction\":[{\"@type\":\"ReadAction\",\"target\":[\"https:\/\/loudenvielle.wellness-sport-camping.com\/es\/el-camping\/invierno\/\"]}]},{\"@type\":\"ImageObject\",\"inLanguage\":\"es\",\"@id\":\"https:\/\/loudenvielle.wellness-sport-camping.com\/es\/el-camping\/invierno\/#primaryimage\",\"url\":\"https:\/\/loudenvielle.wellness-sport-camping.com\/wp-content\/uploads\/en-hiver-top.jpg\",\"contentUrl\":\"https:\/\/loudenvielle.wellness-sport-camping.com\/wp-content\/uploads\/en-hiver-top.jpg\"},{\"@type\":\"BreadcrumbList\",\"@id\":\"https:\/\/loudenvielle.wellness-sport-camping.com\/es\/el-camping\/invierno\/#breadcrumb\",\"itemListElement\":[{\"@type\":\"ListItem\",\"position\":1,\"name\":\"Inicio\",\"item\":\"https:\/\/loudenvielle.wellness-sport-camping.com\/es\/\"},{\"@type\":\"ListItem\",\"position\":2,\"name\":\"El Camping\",\"item\":\"https:\/\/loudenvielle.wellness-sport-camping.com\/es\/el-camping\/\"},{\"@type\":\"ListItem\",\"position\":3,\"name\":\"Invierno\"}]},{\"@type\":\"WebSite\",\"@id\":\"https:\/\/loudenvielle.wellness-sport-camping.com\/es\/#website\",\"url\":\"https:\/\/loudenvielle.wellness-sport-camping.com\/es\/\",\"name\":\"Camping la P\u00e8ne Blanche\",\"description\":\"\u00e0 Loudenvielle dans les Hautes-Pyr\u00e9n\u00e9es\",\"publisher\":{\"@id\":\"https:\/\/loudenvielle.wellness-sport-camping.com\/es\/#organization\"},\"potentialAction\":[{\"@type\":\"SearchAction\",\"target\":{\"@type\":\"EntryPoint\",\"urlTemplate\":\"https:\/\/loudenvielle.wellness-sport-camping.com\/es\/?s={search_term_string}\"},\"query-input\":{\"@type\":\"PropertyValueSpecification\",\"valueRequired\":true,\"valueName\":\"search_term_string\"}}],\"inLanguage\":\"es\"},{\"@type\":\"Organization\",\"@id\":\"https:\/\/loudenvielle.wellness-sport-camping.com\/es\/#organization\",\"name\":\"Camping la P\u00e8ne Blanche\",\"url\":\"https:\/\/loudenvielle.wellness-sport-camping.com\/es\/\",\"logo\":{\"@type\":\"ImageObject\",\"inLanguage\":\"es\",\"@id\":\"https:\/\/loudenvielle.wellness-sport-camping.com\/es\/#\/schema\/logo\/image\/\",\"url\":\"https:\/\/loudenvielle.wellness-sport-camping.com\/wp-content\/uploads\/logo-penne-blanche.png\",\"contentUrl\":\"https:\/\/loudenvielle.wellness-sport-camping.com\/wp-content\/uploads\/logo-penne-blanche.png\",\"width\":260,\"height\":137,\"caption\":\"Camping la P\u00e8ne Blanche\"},\"image\":{\"@id\":\"https:\/\/loudenvielle.wellness-sport-camping.com\/es\/#\/schema\/logo\/image\/\"}}]}<\/script>\n<!-- \/ Yoast SEO plugin. -->","yoast_head_json":{"title":"Disfrute de unas vacaciones de esqu\u00ed en La P\u00e8ne Blanche","description":"Disfrute de los placeres de los deportes de invierno en el camping La P\u00e8ne Blanche, cerca de las estaciones de Peyragudes y Val Louron.","robots":{"index":"index","follow":"follow","max-snippet":"max-snippet:-1","max-image-preview":"max-image-preview:large","max-video-preview":"max-video-preview:-1"},"canonical":"https:\/\/loudenvielle.wellness-sport-camping.com\/es\/el-camping\/invierno\/","og_locale":"es_ES","og_type":"article","og_title":"Disfrute de unas vacaciones de esqu\u00ed en La P\u00e8ne Blanche","og_description":"Disfrute de los placeres de los deportes de invierno en el camping La P\u00e8ne Blanche, cerca de las estaciones de Peyragudes y Val Louron.","og_url":"https:\/\/loudenvielle.wellness-sport-camping.com\/es\/el-camping\/invierno\/","og_site_name":"Camping la P\u00e8ne Blanche","article_modified_time":"2023-09-06T10:00:24+00:00","og_image":[{"url":"https:\/\/loudenvielle.wellness-sport-camping.com\/wp-content\/uploads\/en-hiver-top.jpg","type":"","width":"","height":""}],"twitter_card":"summary_large_image","twitter_misc":{"Tiempo de lectura":"3 minutos"},"schema":{"@context":"https:\/\/schema.org","@graph":[{"@type":"WebPage","@id":"https:\/\/loudenvielle.wellness-sport-camping.com\/es\/el-camping\/invierno\/","url":"https:\/\/loudenvielle.wellness-sport-camping.com\/es\/el-camping\/invierno\/","name":"Disfrute de unas vacaciones de esqu\u00ed en La P\u00e8ne Blanche","isPartOf":{"@id":"https:\/\/loudenvielle.wellness-sport-camping.com\/es\/#website"},"primaryImageOfPage":{"@id":"https:\/\/loudenvielle.wellness-sport-camping.com\/es\/el-camping\/invierno\/#primaryimage"},"image":{"@id":"https:\/\/loudenvielle.wellness-sport-camping.com\/es\/el-camping\/invierno\/#primaryimage"},"thumbnailUrl":"https:\/\/loudenvielle.wellness-sport-camping.com\/wp-content\/uploads\/en-hiver-top.jpg","datePublished":"2023-03-06T16:09:36+00:00","dateModified":"2023-09-06T10:00:24+00:00","description":"Disfrute de los placeres de los deportes de invierno en el camping La P\u00e8ne Blanche, cerca de las estaciones de Peyragudes y Val Louron.","breadcrumb":{"@id":"https:\/\/loudenvielle.wellness-sport-camping.com\/es\/el-camping\/invierno\/#breadcrumb"},"inLanguage":"es","potentialAction":[{"@type":"ReadAction","target":["https:\/\/loudenvielle.wellness-sport-camping.com\/es\/el-camping\/invierno\/"]}]},{"@type":"ImageObject","inLanguage":"es","@id":"https:\/\/loudenvielle.wellness-sport-camping.com\/es\/el-camping\/invierno\/#primaryimage","url":"https:\/\/loudenvielle.wellness-sport-camping.com\/wp-content\/uploads\/en-hiver-top.jpg","contentUrl":"https:\/\/loudenvielle.wellness-sport-camping.com\/wp-content\/uploads\/en-hiver-top.jpg"},{"@type":"BreadcrumbList","@id":"https:\/\/loudenvielle.wellness-sport-camping.com\/es\/el-camping\/invierno\/#breadcrumb","itemListElement":[{"@type":"ListItem","position":1,"name":"Inicio","item":"https:\/\/loudenvielle.wellness-sport-camping.com\/es\/"},{"@type":"ListItem","position":2,"name":"El Camping","item":"https:\/\/loudenvielle.wellness-sport-camping.com\/es\/el-camping\/"},{"@type":"ListItem","position":3,"name":"Invierno"}]},{"@type":"WebSite","@id":"https:\/\/loudenvielle.wellness-sport-camping.com\/es\/#website","url":"https:\/\/loudenvielle.wellness-sport-camping.com\/es\/","name":"Camping la P\u00e8ne Blanche","description":"\u00e0 Loudenvielle dans les Hautes-Pyr\u00e9n\u00e9es","publisher":{"@id":"https:\/\/loudenvielle.wellness-sport-camping.com\/es\/#organization"},"potentialAction":[{"@type":"SearchAction","target":{"@type":"EntryPoint","urlTemplate":"https:\/\/loudenvielle.wellness-sport-camping.com\/es\/?s={search_term_string}"},"query-input":{"@type":"PropertyValueSpecification","valueRequired":true,"valueName":"search_term_string"}}],"inLanguage":"es"},{"@type":"Organization","@id":"https:\/\/loudenvielle.wellness-sport-camping.com\/es\/#organization","name":"Camping la P\u00e8ne Blanche","url":"https:\/\/loudenvielle.wellness-sport-camping.com\/es\/","logo":{"@type":"ImageObject","inLanguage":"es","@id":"https:\/\/loudenvielle.wellness-sport-camping.com\/es\/#\/schema\/logo\/image\/","url":"https:\/\/loudenvielle.wellness-sport-camping.com\/wp-content\/uploads\/logo-penne-blanche.png","contentUrl":"https:\/\/loudenvielle.wellness-sport-camping.com\/wp-content\/uploads\/logo-penne-blanche.png","width":260,"height":137,"caption":"Camping la P\u00e8ne Blanche"},"image":{"@id":"https:\/\/loudenvielle.wellness-sport-camping.com\/es\/#\/schema\/logo\/image\/"}}]}},"_links":{"self":[{"href":"https:\/\/loudenvielle.wellness-sport-camping.com\/es\/wp-json\/wp\/v2\/pages\/1919","targetHints":{"allow":["GET"]}}],"collection":[{"href":"https:\/\/loudenvielle.wellness-sport-camping.com\/es\/wp-json\/wp\/v2\/pages"}],"about":[{"href":"https:\/\/loudenvielle.wellness-sport-camping.com\/es\/wp-json\/wp\/v2\/types\/page"}],"author":[{"embeddable":true,"href":"https:\/\/loudenvielle.wellness-sport-camping.com\/es\/wp-json\/wp\/v2\/users\/5"}],"replies":[{"embeddable":true,"href":"https:\/\/loudenvielle.wellness-sport-camping.com\/es\/wp-json\/wp\/v2\/comments?post=1919"}],"version-history":[{"count":4,"href":"https:\/\/loudenvielle.wellness-sport-camping.com\/es\/wp-json\/wp\/v2\/pages\/1919\/revisions"}],"predecessor-version":[{"id":2885,"href":"https:\/\/loudenvielle.wellness-sport-camping.com\/es\/wp-json\/wp\/v2\/pages\/1919\/revisions\/2885"}],"up":[{"embeddable":true,"href":"https:\/\/loudenvielle.wellness-sport-camping.com\/es\/wp-json\/wp\/v2\/pages\/1917"}],"wp:attachment":[{"href":"https:\/\/loudenvielle.wellness-sport-camping.com\/es\/wp-json\/wp\/v2\/media?parent=1919"}],"curies":[{"name":"wp","href":"https:\/\/api.w.org\/{rel}","templated":true}]}}