{"id":2306,"date":"2023-05-25T17:20:33","date_gmt":"2023-05-25T15:20:33","guid":{"rendered":"https:\/\/loudenvielle.wellness-sport-camping.com\/partenaires-loudenvielle\/"},"modified":"2023-05-29T16:14:36","modified_gmt":"2023-05-29T14:14:36","slug":"partners-loudenvielle","status":"publish","type":"page","link":"https:\/\/loudenvielle.wellness-sport-camping.com\/en\/partners-loudenvielle\/","title":{"rendered":"Partners Loudenvielle"},"content":{"rendered":"\n<div class=\"wp-block-cover alignfull is-light header-top simbol-top-left\" style=\"margin-top:0px;margin-bottom:0px;padding-top:0;padding-right:0;padding-bottom:0px;padding-left:0;min-height:95vh;aspect-ratio:unset;\"><span aria-hidden=\"true\" class=\"wp-block-cover__background has-background-dim-20 has-background-dim\"><\/span><img loading=\"lazy\" decoding=\"async\" width=\"1500\" height=\"940\" class=\"wp-block-cover__image-background wp-image-2297\" alt=\"\" src=\"https:\/\/loudenvielle.wellness-sport-camping.com\/wp-content\/uploads\/partenaires-top.jpg\" data-object-fit=\"cover\" srcset=\"https:\/\/loudenvielle.wellness-sport-camping.com\/wp-content\/uploads\/partenaires-top.jpg 1500w, https:\/\/loudenvielle.wellness-sport-camping.com\/wp-content\/uploads\/partenaires-top-1024x642.jpg 1024w, https:\/\/loudenvielle.wellness-sport-camping.com\/wp-content\/uploads\/partenaires-top-768x481.jpg 768w, https:\/\/loudenvielle.wellness-sport-camping.com\/wp-content\/uploads\/partenaires-top-512x321.jpg 512w, https:\/\/loudenvielle.wellness-sport-camping.com\/wp-content\/uploads\/partenaires-top-256x160.jpg 256w\" sizes=\"auto, (max-width: 1500px) 100vw, 1500px\" \/><div class=\"wp-block-cover__inner-container is-layout-flow wp-block-cover-is-layout-flow\">\n<div class=\"wp-block-group titre-top animation--init--once animation--top is-layout-constrained wp-block-group-is-layout-constrained\" style=\"padding-bottom:0px\">\n<p class=\"has-text-align-center has-theme-white-color has-text-color has-damion-font-family has-h-1-font-size\">Partners Loudenvielle<\/p>\n<\/div>\n\n\n\n<div class=\"wp-block-group breadcrumbs-top is-layout-constrained wp-block-group-is-layout-constrained\" style=\"margin-top:10px;margin-bottom:0px\">\n<span><span><a href=\"https:\/\/loudenvielle.wellness-sport-camping.com\/en\/\">Home<\/a><\/span><\/span>\n<\/div>\n\n\n\n<div class=\"wp-block-group alignfull motor-thelis has-theme-brown-2-background-color has-background is-layout-constrained wp-container-core-group-is-layout-e129b69f wp-block-group-is-layout-constrained\" style=\"padding-top:0px;padding-right:0px;padding-bottom:0px;padding-left:0px\">\n<div class=\"wp-block-columns is-layout-flex wp-container-core-columns-is-layout-28f84493 wp-block-columns-is-layout-flex\">\n<div class=\"wp-block-column is-layout-flow wp-block-column-is-layout-flow\" style=\"flex-basis:100%\">\n<section class=\"formulaire-de-recherche-bar\">\r\n            <div id=\"expand-thelis-formulaire\">Book<\/div>\r\n            <div class=\"container-form\"><thr-search-engine><\/thr-search-engine><a id=\"pay-btn-2\" onclick=\"window.open('https:\/\/thelisresa.webcamp.fr\/cart-directPayment.php?camping=fhjc8911&amp;lang=en');\"><i><\/i>Pay stay<\/a>\r\n            <style>\r\n            \r\n            .thr-search-engine .thr-search-engine-main > .thr-btn-search { max-width: 20% !important; }\r\n            .thr .btn i { margin-right: 0 !important; }\r\n            #pay-btn-2 { \r\n                position: absolute;\r\n                right: 0;top: 0;\r\n                margin: 10px;\r\n                border: 0;\r\n                background-color: ;\r\n                color: ;\r\n                cursor: pointer;\r\n                width: calc(17% - 5px);\r\n                padding: 17px 0;\r\n                font-size: 18px;\r\n                font-weight: bold;\r\n                text-transform: auto;\r\n                transition: all .35s;\r\n                display: flex;justify-content: center;\r\n                align-items: center;\r\n            }\r\n            #pay-btn-2 i {\r\n                display: inline-flex;\r\n                width:18px;height:18px;\r\n                margin-right: 5px;\r\n                background-image: url('data:image\/svg+xml;utf8,<?xml version=\"1.0\" encoding=\"utf-8\"?><svg width=\"1792\" height=\"1792\" viewBox=\"0 0 1792 1792\" xmlns=\"http:\/\/www.w3.org\/2000\/svg\"><path d=\"M704 1536q0 52-38 90t-90 38-90-38-38-90 38-90 90-38 90 38 38 90zm896 0q0 52-38 90t-90 38-90-38-38-90 38-90 90-38 90 38 38 90zm128-1088v512q0 24-16.5 42.5t-40.5 21.5l-1044 122q13 60 13 70 0 16-24 64h920q26 0 45 19t19 45-19 45-45 19h-1024q-26 0-45-19t-19-45q0-11 8-31.5t16-36 21.5-40 15.5-29.5l-177-823h-204q-26 0-45-19t-19-45 19-45 45-19h256q16 0 28.5 6.5t19.5 15.5 13 24.5 8 26 5.5 29.5 4.5 26h1201q26 0 45 19t19 45z\" fill=\"rgba(255,255,255,1)\" \/><\/svg>');\r\n                background-size: cover;background-position: center center;background-repeat: no-repeat;\r\n            }\r\n            #pay-btn-2:hover { background-color: ; }\r\n            .thr-search-engine { width: 83%; }\r\n\r\n            @media screen and (max-width: 1024px) {\r\n                #pay-btn-2 { top: 52px; }\r\n                .thr-search-engine .thr-search-engine-main > .thr-btn-search { max-width: inherit !important; }\r\n            }\r\n            @media screen and (max-width: 990px) {\r\n                .thr-search-engine { width: 100%; }\r\n                #pay-btn-2 { position: relative;width: calc(100% - 20px);top: auto;margin-top: 0; }\r\n            }\r\n\r\n            thr-search-engine { border-right: 200px rgba(0,0,0,0) solid;display: block; }\r\n            @media screen and (max-width: 1024px) {\r\n                thr-search-engine { border-right: inherit;display: inherit; }\r\n            }\r\n            <\/style>\r\n            <\/div><\/section><!-- .formulaire-de-recherche-bar --><style>\r\n        #expand-thelis-formulaire { display: none; }\r\n        @media screen and (max-width: 1024px) {\r\n            #expand-thelis-formulaire { display: block; }\r\n            .formulaire-de-recherche-bar .container-form { display: none; }\r\n        }\r\n    <\/style><script>\r\n    jQuery(document).ready(function($){\r\n        jQuery('#expand-thelis-formulaire').click(function(){\r\n            if(\r\n                jQuery('.formulaire-de-recherche-bar .container-form').css('display') == 'none'\r\n            ){\r\n                jQuery('.formulaire-de-recherche-bar .container-form').css('display', 'block');\r\n                jQuery('#expand-thelis-formulaire').addClass('expanded');\r\n            }else{\r\n                jQuery('.formulaire-de-recherche-bar .container-form').css('display', 'none');\r\n                jQuery('#expand-thelis-formulaire').removeClass('expanded');\r\n            }\r\n        });\r\n    });\r\n    <\/script>\n<\/div>\n<\/div>\n<\/div>\n<\/div><\/div>\n\n\n\n<div class=\"wp-block-group alignfull page-intro simbol-top-right-2 is-layout-constrained wp-block-group-is-layout-constrained\" style=\"padding-bottom:40px\">\n<div class=\"wp-block-columns is-layout-flex wp-container-core-columns-is-layout-28f84493 wp-block-columns-is-layout-flex\">\n<div class=\"wp-block-column is-layout-flow wp-block-column-is-layout-flow\">\n<h1 class=\"wp-block-heading has-text-align-center simbol-titre line-titre\">Partners Loudenvielle<\/h1>\n<\/div>\n<\/div>\n<\/div>\n\n\n\n<div class=\"wp-block-group alignfull has-animation is-layout-constrained wp-block-group-is-layout-constrained\">\n<div class=\"wp-block-columns alignwide les-partenaires animation--init--once animation--top is-layout-flex wp-container-core-columns-is-layout-f2b4f319 wp-block-columns-is-layout-flex\">\n<div class=\"wp-block-column is-layout-flow wp-block-column-is-layout-flow\">\n<figure class=\"wp-block-image aligncenter size-full is-resized\"><img decoding=\"async\" src=\"https:\/\/loudenvielle.wellness-sport-camping.com\/wp-content\/uploads\/logo-balnea.jpg\" alt=\"\" class=\"wp-image-2299\" width=\"230\" srcset=\"https:\/\/loudenvielle.wellness-sport-camping.com\/wp-content\/uploads\/logo-balnea.jpg 300w, https:\/\/loudenvielle.wellness-sport-camping.com\/wp-content\/uploads\/logo-balnea-256x90.jpg 256w\" sizes=\"(max-width: 300px) 100vw, 300px\" \/><\/figure>\n\n\n\n<p class=\"has-text-align-center has-h-5-font-size\"><strong><strong>BALNEA<\/strong><\/strong><\/p>\n\n\n\n<p>In the heart of a preserved valley, that of Louron, is nestled the first mountain spa centre in France: Baln\u00e9a. <\/p>\n\n\n\n<p>A record number of admissions, an atmosphere that takes you to the four corners of the world, pools supplied with natural sulphurous thermal water specially designed for families, a state-of-the-art area adapted to sportsmen and women&#8230; <\/p>\n\n\n\n<p>Here, there is something for everyone&#8230; Amerindians, Romans, Japanese, Incas, cryo &#8211; nic, and the latest addition, the Mayan baths, take young and old on a journey through the world and through time.<\/p>\n\n\n        <a href=\"https:\/\/www.balnea.fr\/\"class=\"wp-block-custom-banner button-1 has-text-align-center has-custom-margin\" target=\"_blank\" style=\"margin-top:0px;margin-bottom:50px;\">\n        <div class=\"acf-innerblocks-container\">\n\n<p class=\"has-text-align-center\">En savoir plus<\/p>\n\n<\/div>\n        <\/a>\n<\/div>\n\n\n\n<div class=\"wp-block-column is-layout-flow wp-block-column-is-layout-flow\">\n<figure class=\"wp-block-image aligncenter size-full is-resized\"><img decoding=\"async\" src=\"https:\/\/loudenvielle.wellness-sport-camping.com\/wp-content\/uploads\/logo-npy.png\" alt=\"\" class=\"wp-image-2298\" width=\"280\" srcset=\"https:\/\/loudenvielle.wellness-sport-camping.com\/wp-content\/uploads\/logo-npy.png 417w, https:\/\/loudenvielle.wellness-sport-camping.com\/wp-content\/uploads\/logo-npy-256x74.png 256w\" sizes=\"(max-width: 417px) 100vw, 417px\" \/><\/figure>\n\n\n\n<p class=\"has-text-align-center has-h-5-font-size\"><strong><strong>PEYRAGUDES SKI RESORT<\/strong><\/strong><\/p>\n\n\n\n<p><strong>An extensive ski area<\/strong><\/p>\n\n\n\n<p>An exceptional ski area ideally oriented East-West to ski in the sun all day long. Guaranteed snow cover thanks to an ultra-efficient artificial snow network which ensures perfect skiability whatever the weather conditions.<\/p>\n\n\n\n<p>Peyragudes offers 51 slopes spread over two sides, 18 ultra-fast lifts that take you to the top of the resort in record time and modern equipment. Skiers and snowboarders alike will find themselves in Peyragudes, where the pleasure of accumulating kilometres of downhill runs can be savoured without counting the cost.<\/p>\n\n\n        <a href=\"https:\/\/peyragudes.com\/fr\"class=\"wp-block-custom-banner button-1 has-text-align-center has-custom-margin\" target=\"_blank\" style=\"margin-top:0px;margin-bottom:50px;\">\n        <div class=\"acf-innerblocks-container\">\n\n<p class=\"has-text-align-center\">En savoir plus<\/p>\n\n<\/div>\n        <\/a>\n<\/div>\n<\/div>\n\n\n\n<div class=\"wp-block-columns alignwide les-partenaires animation--init--once animation--top is-layout-flex wp-container-core-columns-is-layout-f2b4f319 wp-block-columns-is-layout-flex\">\n<div class=\"wp-block-column is-layout-flow wp-block-column-is-layout-flow\">\n<figure class=\"wp-block-image aligncenter size-full is-resized\"><img decoding=\"async\" src=\"https:\/\/loudenvielle.wellness-sport-camping.com\/wp-content\/uploads\/ancv-logo-2010.png\" alt=\"\" class=\"wp-image-2300\" width=\"190\" srcset=\"https:\/\/loudenvielle.wellness-sport-camping.com\/wp-content\/uploads\/ancv-logo-2010.png 458w, https:\/\/loudenvielle.wellness-sport-camping.com\/wp-content\/uploads\/ancv-logo-2010-256x147.png 256w\" sizes=\"(max-width: 458px) 100vw, 458px\" \/><\/figure>\n\n\n\n<p class=\"has-text-align-center has-h-5-font-size\"><strong>ANCV<\/strong><\/p>\n\n\n\n<p>All Wellness Sport Campsites accept payment by holiday vouchers.<\/p>\n\n\n        <a href=\"https:\/\/www.ancv.com\/\"class=\"wp-block-custom-banner button-1 has-text-align-center has-custom-margin\" target=\"_blank\" style=\"margin-top:0px;margin-bottom:50px;\">\n        <div class=\"acf-innerblocks-container\">\n\n<p class=\"has-text-align-center\">En savoir plus<\/p>\n\n<\/div>\n        <\/a>\n<\/div>\n\n\n\n<div class=\"wp-block-column is-layout-flow wp-block-column-is-layout-flow\">\n<figure class=\"wp-block-image aligncenter size-full is-resized\"><img decoding=\"async\" src=\"https:\/\/loudenvielle.wellness-sport-camping.com\/wp-content\/uploads\/ucpa-sport-station-noir.png\" alt=\"\" class=\"wp-image-2301\" width=\"197\" srcset=\"https:\/\/loudenvielle.wellness-sport-camping.com\/wp-content\/uploads\/ucpa-sport-station-noir.png 520w, https:\/\/loudenvielle.wellness-sport-camping.com\/wp-content\/uploads\/ucpa-sport-station-noir-512x282.png 512w, https:\/\/loudenvielle.wellness-sport-camping.com\/wp-content\/uploads\/ucpa-sport-station-noir-256x141.png 256w\" sizes=\"(max-width: 520px) 100vw, 520px\" \/><\/figure>\n\n\n\n<p class=\"has-text-align-center has-h-5-font-size\"><strong>UCPA Sport Station Bordeaux<\/strong><\/p>\n\n\n\n<p>Opened since 13 May 2023, the UCPA Wellness Sport Campsites are partners of the UCPA Sport Station Bordeaux.<\/p>\n\n\n\n<p>From 5 to 10% discount with the code Brazza23 depending on the period on presentation of a subscription card.<\/p>\n\n\n        <a href=\"https:\/\/www.ucpa.com\/sport-station\/bordeaux\/\"class=\"wp-block-custom-banner button-1 has-text-align-center has-custom-margin\" target=\"_blank\" style=\"margin-top:0px;margin-bottom:50px;\">\n        <div class=\"acf-innerblocks-container\">\n\n<p class=\"has-text-align-center\">En savoir plus<\/p>\n\n<\/div>\n        <\/a>\n<\/div>\n\n\n\n<div class=\"wp-block-column is-layout-flow wp-block-column-is-layout-flow\">\n<figure class=\"wp-block-image size-full is-resized\"><img decoding=\"async\" src=\"https:\/\/loudenvielle.wellness-sport-camping.com\/wp-content\/uploads\/logo-emailing-aqua-stadium-h.png\" alt=\"\" class=\"wp-image-2302\" width=\"298\" srcset=\"https:\/\/loudenvielle.wellness-sport-camping.com\/wp-content\/uploads\/logo-emailing-aqua-stadium-h.png 375w, https:\/\/loudenvielle.wellness-sport-camping.com\/wp-content\/uploads\/logo-emailing-aqua-stadium-h-256x94.png 256w\" sizes=\"(max-width: 375px) 100vw, 375px\" \/><\/figure>\n\n\n\n<p class=\"has-text-align-center has-h-5-font-size\"><strong>UCPA Aqua Stadium M\u00e9rignac<\/strong><\/p>\n\n\n\n<p>UCPA Wellness Sport Campsites are partners of the UCPA Aqua Stadium M\u00e9rignac.<\/p>\n\n\n\n<p>From 5 to 10% discount with the code Aqua23 according to the periods on presentation of a subscription card.<\/p>\n\n\n        <a href=\"https:\/\/www.ucpa.com\/aqua-stadium\/merignac\/\"class=\"wp-block-custom-banner button-1 has-text-align-center has-custom-margin\" target=\"_blank\" style=\"margin-top:0px;margin-bottom:50px;\">\n        <div class=\"acf-innerblocks-container\">\n\n<p class=\"has-text-align-center\">En savoir plus<\/p>\n\n<\/div>\n        <\/a>\n<\/div>\n<\/div>\n<\/div>\n","protected":false},"excerpt":{"rendered":"<p>Partners Loudenvielle BALNEA In the heart of a preserved valley, that of Louron, is nestled the first mountain spa centre in France: Baln\u00e9a. A record&#8230;<\/p>\n","protected":false},"author":5,"featured_media":0,"parent":0,"menu_order":7,"comment_status":"closed","ping_status":"closed","template":"","meta":{"_acf_changed":false,"inline_featured_image":false,"footnotes":""},"class_list":["post-2306","page","type-page","status-publish","hentry"],"acf":[],"yoast_head":"<!-- This site is optimized with the Yoast SEO plugin v27.1.1 - https:\/\/yoast.com\/product\/yoast-seo-wordpress\/ -->\n<title>The partners list of Camping La P\u00e8ne Blanche<\/title>\n<meta name=\"description\" content=\"Discover the magnificent list of partners of Wellness Sport Camping UCPA La P\u00e8ne Blanche in Loudenvielle city.\" \/>\n<meta name=\"robots\" content=\"index, follow, max-snippet:-1, max-image-preview:large, max-video-preview:-1\" \/>\n<link rel=\"canonical\" href=\"https:\/\/loudenvielle.wellness-sport-camping.com\/en\/partners-loudenvielle\/\" \/>\n<meta property=\"og:locale\" content=\"en_US\" \/>\n<meta property=\"og:type\" content=\"article\" \/>\n<meta property=\"og:title\" content=\"The partners list of Camping La P\u00e8ne Blanche\" \/>\n<meta property=\"og:description\" content=\"Discover the magnificent list of partners of Wellness Sport Camping UCPA La P\u00e8ne Blanche in Loudenvielle city.\" \/>\n<meta property=\"og:url\" content=\"https:\/\/loudenvielle.wellness-sport-camping.com\/en\/partners-loudenvielle\/\" \/>\n<meta property=\"og:site_name\" content=\"Camping la P\u00e8ne Blanche\" \/>\n<meta property=\"article:modified_time\" content=\"2023-05-29T14:14:36+00:00\" \/>\n<meta property=\"og:image\" content=\"https:\/\/loudenvielle.wellness-sport-camping.com\/wp-content\/uploads\/partenaires-top.jpg\" \/>\n<meta name=\"twitter:card\" content=\"summary_large_image\" \/>\n<meta name=\"twitter:label1\" content=\"Est. reading time\" \/>\n\t<meta name=\"twitter:data1\" content=\"3 minutes\" \/>\n<script type=\"application\/ld+json\" class=\"yoast-schema-graph\">{\"@context\":\"https:\/\/schema.org\",\"@graph\":[{\"@type\":\"WebPage\",\"@id\":\"https:\/\/loudenvielle.wellness-sport-camping.com\/en\/partners-loudenvielle\/\",\"url\":\"https:\/\/loudenvielle.wellness-sport-camping.com\/en\/partners-loudenvielle\/\",\"name\":\"The partners list of Camping La P\u00e8ne Blanche\",\"isPartOf\":{\"@id\":\"https:\/\/loudenvielle.wellness-sport-camping.com\/en\/#website\"},\"primaryImageOfPage\":{\"@id\":\"https:\/\/loudenvielle.wellness-sport-camping.com\/en\/partners-loudenvielle\/#primaryimage\"},\"image\":{\"@id\":\"https:\/\/loudenvielle.wellness-sport-camping.com\/en\/partners-loudenvielle\/#primaryimage\"},\"thumbnailUrl\":\"https:\/\/loudenvielle.wellness-sport-camping.com\/wp-content\/uploads\/partenaires-top.jpg\",\"datePublished\":\"2023-05-25T15:20:33+00:00\",\"dateModified\":\"2023-05-29T14:14:36+00:00\",\"description\":\"Discover the magnificent list of partners of Wellness Sport Camping UCPA La P\u00e8ne Blanche in Loudenvielle city.\",\"breadcrumb\":{\"@id\":\"https:\/\/loudenvielle.wellness-sport-camping.com\/en\/partners-loudenvielle\/#breadcrumb\"},\"inLanguage\":\"en-US\",\"potentialAction\":[{\"@type\":\"ReadAction\",\"target\":[\"https:\/\/loudenvielle.wellness-sport-camping.com\/en\/partners-loudenvielle\/\"]}]},{\"@type\":\"ImageObject\",\"inLanguage\":\"en-US\",\"@id\":\"https:\/\/loudenvielle.wellness-sport-camping.com\/en\/partners-loudenvielle\/#primaryimage\",\"url\":\"https:\/\/loudenvielle.wellness-sport-camping.com\/wp-content\/uploads\/partenaires-top.jpg\",\"contentUrl\":\"https:\/\/loudenvielle.wellness-sport-camping.com\/wp-content\/uploads\/partenaires-top.jpg\"},{\"@type\":\"BreadcrumbList\",\"@id\":\"https:\/\/loudenvielle.wellness-sport-camping.com\/en\/partners-loudenvielle\/#breadcrumb\",\"itemListElement\":[{\"@type\":\"ListItem\",\"position\":1,\"name\":\"Home\",\"item\":\"https:\/\/loudenvielle.wellness-sport-camping.com\/en\/\"},{\"@type\":\"ListItem\",\"position\":2,\"name\":\"Partners Loudenvielle\"}]},{\"@type\":\"WebSite\",\"@id\":\"https:\/\/loudenvielle.wellness-sport-camping.com\/en\/#website\",\"url\":\"https:\/\/loudenvielle.wellness-sport-camping.com\/en\/\",\"name\":\"Camping la P\u00e8ne Blanche\",\"description\":\"\u00e0 Loudenvielle dans les Hautes-Pyr\u00e9n\u00e9es\",\"publisher\":{\"@id\":\"https:\/\/loudenvielle.wellness-sport-camping.com\/en\/#organization\"},\"potentialAction\":[{\"@type\":\"SearchAction\",\"target\":{\"@type\":\"EntryPoint\",\"urlTemplate\":\"https:\/\/loudenvielle.wellness-sport-camping.com\/en\/?s={search_term_string}\"},\"query-input\":{\"@type\":\"PropertyValueSpecification\",\"valueRequired\":true,\"valueName\":\"search_term_string\"}}],\"inLanguage\":\"en-US\"},{\"@type\":\"Organization\",\"@id\":\"https:\/\/loudenvielle.wellness-sport-camping.com\/en\/#organization\",\"name\":\"Camping la P\u00e8ne Blanche\",\"url\":\"https:\/\/loudenvielle.wellness-sport-camping.com\/en\/\",\"logo\":{\"@type\":\"ImageObject\",\"inLanguage\":\"en-US\",\"@id\":\"https:\/\/loudenvielle.wellness-sport-camping.com\/en\/#\/schema\/logo\/image\/\",\"url\":\"https:\/\/loudenvielle.wellness-sport-camping.com\/wp-content\/uploads\/logo-penne-blanche.png\",\"contentUrl\":\"https:\/\/loudenvielle.wellness-sport-camping.com\/wp-content\/uploads\/logo-penne-blanche.png\",\"width\":260,\"height\":137,\"caption\":\"Camping la P\u00e8ne Blanche\"},\"image\":{\"@id\":\"https:\/\/loudenvielle.wellness-sport-camping.com\/en\/#\/schema\/logo\/image\/\"}}]}<\/script>\n<!-- \/ Yoast SEO plugin. -->","yoast_head_json":{"title":"The partners list of Camping La P\u00e8ne Blanche","description":"Discover the magnificent list of partners of Wellness Sport Camping UCPA La P\u00e8ne Blanche in Loudenvielle city.","robots":{"index":"index","follow":"follow","max-snippet":"max-snippet:-1","max-image-preview":"max-image-preview:large","max-video-preview":"max-video-preview:-1"},"canonical":"https:\/\/loudenvielle.wellness-sport-camping.com\/en\/partners-loudenvielle\/","og_locale":"en_US","og_type":"article","og_title":"The partners list of Camping La P\u00e8ne Blanche","og_description":"Discover the magnificent list of partners of Wellness Sport Camping UCPA La P\u00e8ne Blanche in Loudenvielle city.","og_url":"https:\/\/loudenvielle.wellness-sport-camping.com\/en\/partners-loudenvielle\/","og_site_name":"Camping la P\u00e8ne Blanche","article_modified_time":"2023-05-29T14:14:36+00:00","og_image":[{"url":"https:\/\/loudenvielle.wellness-sport-camping.com\/wp-content\/uploads\/partenaires-top.jpg","type":"","width":"","height":""}],"twitter_card":"summary_large_image","twitter_misc":{"Est. reading time":"3 minutes"},"schema":{"@context":"https:\/\/schema.org","@graph":[{"@type":"WebPage","@id":"https:\/\/loudenvielle.wellness-sport-camping.com\/en\/partners-loudenvielle\/","url":"https:\/\/loudenvielle.wellness-sport-camping.com\/en\/partners-loudenvielle\/","name":"The partners list of Camping La P\u00e8ne Blanche","isPartOf":{"@id":"https:\/\/loudenvielle.wellness-sport-camping.com\/en\/#website"},"primaryImageOfPage":{"@id":"https:\/\/loudenvielle.wellness-sport-camping.com\/en\/partners-loudenvielle\/#primaryimage"},"image":{"@id":"https:\/\/loudenvielle.wellness-sport-camping.com\/en\/partners-loudenvielle\/#primaryimage"},"thumbnailUrl":"https:\/\/loudenvielle.wellness-sport-camping.com\/wp-content\/uploads\/partenaires-top.jpg","datePublished":"2023-05-25T15:20:33+00:00","dateModified":"2023-05-29T14:14:36+00:00","description":"Discover the magnificent list of partners of Wellness Sport Camping UCPA La P\u00e8ne Blanche in Loudenvielle city.","breadcrumb":{"@id":"https:\/\/loudenvielle.wellness-sport-camping.com\/en\/partners-loudenvielle\/#breadcrumb"},"inLanguage":"en-US","potentialAction":[{"@type":"ReadAction","target":["https:\/\/loudenvielle.wellness-sport-camping.com\/en\/partners-loudenvielle\/"]}]},{"@type":"ImageObject","inLanguage":"en-US","@id":"https:\/\/loudenvielle.wellness-sport-camping.com\/en\/partners-loudenvielle\/#primaryimage","url":"https:\/\/loudenvielle.wellness-sport-camping.com\/wp-content\/uploads\/partenaires-top.jpg","contentUrl":"https:\/\/loudenvielle.wellness-sport-camping.com\/wp-content\/uploads\/partenaires-top.jpg"},{"@type":"BreadcrumbList","@id":"https:\/\/loudenvielle.wellness-sport-camping.com\/en\/partners-loudenvielle\/#breadcrumb","itemListElement":[{"@type":"ListItem","position":1,"name":"Home","item":"https:\/\/loudenvielle.wellness-sport-camping.com\/en\/"},{"@type":"ListItem","position":2,"name":"Partners Loudenvielle"}]},{"@type":"WebSite","@id":"https:\/\/loudenvielle.wellness-sport-camping.com\/en\/#website","url":"https:\/\/loudenvielle.wellness-sport-camping.com\/en\/","name":"Camping la P\u00e8ne Blanche","description":"\u00e0 Loudenvielle dans les Hautes-Pyr\u00e9n\u00e9es","publisher":{"@id":"https:\/\/loudenvielle.wellness-sport-camping.com\/en\/#organization"},"potentialAction":[{"@type":"SearchAction","target":{"@type":"EntryPoint","urlTemplate":"https:\/\/loudenvielle.wellness-sport-camping.com\/en\/?s={search_term_string}"},"query-input":{"@type":"PropertyValueSpecification","valueRequired":true,"valueName":"search_term_string"}}],"inLanguage":"en-US"},{"@type":"Organization","@id":"https:\/\/loudenvielle.wellness-sport-camping.com\/en\/#organization","name":"Camping la P\u00e8ne Blanche","url":"https:\/\/loudenvielle.wellness-sport-camping.com\/en\/","logo":{"@type":"ImageObject","inLanguage":"en-US","@id":"https:\/\/loudenvielle.wellness-sport-camping.com\/en\/#\/schema\/logo\/image\/","url":"https:\/\/loudenvielle.wellness-sport-camping.com\/wp-content\/uploads\/logo-penne-blanche.png","contentUrl":"https:\/\/loudenvielle.wellness-sport-camping.com\/wp-content\/uploads\/logo-penne-blanche.png","width":260,"height":137,"caption":"Camping la P\u00e8ne Blanche"},"image":{"@id":"https:\/\/loudenvielle.wellness-sport-camping.com\/en\/#\/schema\/logo\/image\/"}}]}},"_links":{"self":[{"href":"https:\/\/loudenvielle.wellness-sport-camping.com\/en\/wp-json\/wp\/v2\/pages\/2306","targetHints":{"allow":["GET"]}}],"collection":[{"href":"https:\/\/loudenvielle.wellness-sport-camping.com\/en\/wp-json\/wp\/v2\/pages"}],"about":[{"href":"https:\/\/loudenvielle.wellness-sport-camping.com\/en\/wp-json\/wp\/v2\/types\/page"}],"author":[{"embeddable":true,"href":"https:\/\/loudenvielle.wellness-sport-camping.com\/en\/wp-json\/wp\/v2\/users\/5"}],"replies":[{"embeddable":true,"href":"https:\/\/loudenvielle.wellness-sport-camping.com\/en\/wp-json\/wp\/v2\/comments?post=2306"}],"version-history":[{"count":1,"href":"https:\/\/loudenvielle.wellness-sport-camping.com\/en\/wp-json\/wp\/v2\/pages\/2306\/revisions"}],"predecessor-version":[{"id":2311,"href":"https:\/\/loudenvielle.wellness-sport-camping.com\/en\/wp-json\/wp\/v2\/pages\/2306\/revisions\/2311"}],"wp:attachment":[{"href":"https:\/\/loudenvielle.wellness-sport-camping.com\/en\/wp-json\/wp\/v2\/media?parent=2306"}],"curies":[{"name":"wp","href":"https:\/\/api.w.org\/{rel}","templated":true}]}}