{"id":1932,"date":"2023-03-06T14:16:34","date_gmt":"2023-03-06T13:16:34","guid":{"rendered":"https:\/\/loudenvielle.wellness-sport-camping.com\/votre-sejour\/"},"modified":"2023-05-25T17:52:58","modified_gmt":"2023-05-25T15:52:58","slug":"your-stay","status":"publish","type":"page","link":"https:\/\/loudenvielle.wellness-sport-camping.com\/en\/your-stay\/","title":{"rendered":"Your Stay"},"content":{"rendered":"\n<div class=\"wp-block-cover alignfull header-top simbol-top-left\" style=\"margin-top:0px;margin-bottom:0px;padding-top:0;padding-right:0;padding-bottom:0px;padding-left:0;min-height:95vh;aspect-ratio:unset;\"><span aria-hidden=\"true\" class=\"wp-block-cover__background has-background-dim-30 has-background-dim\"><\/span><img loading=\"lazy\" decoding=\"async\" width=\"1920\" height=\"1000\" class=\"wp-block-cover__image-background wp-image-1727\" alt=\"\" src=\"https:\/\/loudenvielle.wellness-sport-camping.com\/wp-content\/uploads\/sejour-top.jpg\" data-object-fit=\"cover\" srcset=\"https:\/\/loudenvielle.wellness-sport-camping.com\/wp-content\/uploads\/sejour-top.jpg 1920w, https:\/\/loudenvielle.wellness-sport-camping.com\/wp-content\/uploads\/sejour-top-1024x533.jpg 1024w, https:\/\/loudenvielle.wellness-sport-camping.com\/wp-content\/uploads\/sejour-top-768x400.jpg 768w, https:\/\/loudenvielle.wellness-sport-camping.com\/wp-content\/uploads\/sejour-top-1536x800.jpg 1536w, https:\/\/loudenvielle.wellness-sport-camping.com\/wp-content\/uploads\/sejour-top-512x267.jpg 512w, https:\/\/loudenvielle.wellness-sport-camping.com\/wp-content\/uploads\/sejour-top-256x133.jpg 256w\" sizes=\"auto, (max-width: 1920px) 100vw, 1920px\" \/><div class=\"wp-block-cover__inner-container is-layout-flow wp-block-cover-is-layout-flow\">\n<div class=\"wp-block-group titre-top animation--init--once animation--top is-layout-constrained wp-block-group-is-layout-constrained\" style=\"padding-bottom:0px\">\n<p class=\"has-text-align-center has-theme-white-color has-text-color has-damion-font-family has-h-1-font-size\">Your Stay<\/p>\n\n\n\n<p class=\"has-text-align-center has-theme-white-color has-text-color\"><\/p>\n<\/div>\n\n\n\n<div class=\"wp-block-group breadcrumbs-top is-layout-constrained wp-block-group-is-layout-constrained\" style=\"margin-top:10px;margin-bottom:0px\">\n<span><span><a href=\"https:\/\/loudenvielle.wellness-sport-camping.com\/en\/\">Home<\/a><\/span><\/span>\n<\/div>\n\n\n\n<div class=\"wp-block-group alignfull motor-thelis has-theme-brown-2-background-color has-background is-layout-constrained wp-container-core-group-is-layout-e129b69f wp-block-group-is-layout-constrained\" style=\"padding-top:0px;padding-right:0px;padding-bottom:0px;padding-left:0px\">\n<div class=\"wp-block-columns is-layout-flex wp-container-core-columns-is-layout-28f84493 wp-block-columns-is-layout-flex\">\n<div class=\"wp-block-column is-layout-flow wp-block-column-is-layout-flow\" style=\"flex-basis:100%\">\n<section class=\"formulaire-de-recherche-bar\">\r\n            <div id=\"expand-thelis-formulaire\">Book<\/div>\r\n            <div class=\"container-form\"><thr-search-engine><\/thr-search-engine><a id=\"pay-btn-2\" onclick=\"window.open('https:\/\/thelisresa.webcamp.fr\/cart-directPayment.php?camping=fhjc8911&amp;lang=en');\"><i><\/i>Pay stay<\/a>\r\n            <style>\r\n            \r\n            .thr-search-engine .thr-search-engine-main > .thr-btn-search { max-width: 20% !important; }\r\n            .thr .btn i { margin-right: 0 !important; }\r\n            #pay-btn-2 { \r\n                position: absolute;\r\n                right: 0;top: 0;\r\n                margin: 10px;\r\n                border: 0;\r\n                background-color: ;\r\n                color: ;\r\n                cursor: pointer;\r\n                width: calc(17% - 5px);\r\n                padding: 17px 0;\r\n                font-size: 18px;\r\n                font-weight: bold;\r\n                text-transform: auto;\r\n                transition: all .35s;\r\n                display: flex;justify-content: center;\r\n                align-items: center;\r\n            }\r\n            #pay-btn-2 i {\r\n                display: inline-flex;\r\n                width:18px;height:18px;\r\n                margin-right: 5px;\r\n                background-image: url('data:image\/svg+xml;utf8,<?xml version=\"1.0\" encoding=\"utf-8\"?><svg width=\"1792\" height=\"1792\" viewBox=\"0 0 1792 1792\" xmlns=\"http:\/\/www.w3.org\/2000\/svg\"><path d=\"M704 1536q0 52-38 90t-90 38-90-38-38-90 38-90 90-38 90 38 38 90zm896 0q0 52-38 90t-90 38-90-38-38-90 38-90 90-38 90 38 38 90zm128-1088v512q0 24-16.5 42.5t-40.5 21.5l-1044 122q13 60 13 70 0 16-24 64h920q26 0 45 19t19 45-19 45-45 19h-1024q-26 0-45-19t-19-45q0-11 8-31.5t16-36 21.5-40 15.5-29.5l-177-823h-204q-26 0-45-19t-19-45 19-45 45-19h256q16 0 28.5 6.5t19.5 15.5 13 24.5 8 26 5.5 29.5 4.5 26h1201q26 0 45 19t19 45z\" fill=\"rgba(255,255,255,1)\" \/><\/svg>');\r\n                background-size: cover;background-position: center center;background-repeat: no-repeat;\r\n            }\r\n            #pay-btn-2:hover { background-color: ; }\r\n            .thr-search-engine { width: 83%; }\r\n\r\n            @media screen and (max-width: 1024px) {\r\n                #pay-btn-2 { top: 52px; }\r\n                .thr-search-engine .thr-search-engine-main > .thr-btn-search { max-width: inherit !important; }\r\n            }\r\n            @media screen and (max-width: 990px) {\r\n                .thr-search-engine { width: 100%; }\r\n                #pay-btn-2 { position: relative;width: calc(100% - 20px);top: auto;margin-top: 0; }\r\n            }\r\n\r\n            thr-search-engine { border-right: 200px rgba(0,0,0,0) solid;display: block; }\r\n            @media screen and (max-width: 1024px) {\r\n                thr-search-engine { border-right: inherit;display: inherit; }\r\n            }\r\n            <\/style>\r\n            <\/div><\/section><!-- .formulaire-de-recherche-bar --><style>\r\n        #expand-thelis-formulaire { display: none; }\r\n        @media screen and (max-width: 1024px) {\r\n            #expand-thelis-formulaire { display: block; }\r\n            .formulaire-de-recherche-bar .container-form { display: none; }\r\n        }\r\n    <\/style><script>\r\n    jQuery(document).ready(function($){\r\n        jQuery('#expand-thelis-formulaire').click(function(){\r\n            if(\r\n                jQuery('.formulaire-de-recherche-bar .container-form').css('display') == 'none'\r\n            ){\r\n                jQuery('.formulaire-de-recherche-bar .container-form').css('display', 'block');\r\n                jQuery('#expand-thelis-formulaire').addClass('expanded');\r\n            }else{\r\n                jQuery('.formulaire-de-recherche-bar .container-form').css('display', 'none');\r\n                jQuery('#expand-thelis-formulaire').removeClass('expanded');\r\n            }\r\n        });\r\n    });\r\n    <\/script>\n<\/div>\n<\/div>\n<\/div>\n<\/div><\/div>\n\n\n\n<div class=\"wp-block-group alignfull page-intro simbol-top-right-2 is-layout-constrained wp-block-group-is-layout-constrained\">\n<h1 class=\"wp-block-heading has-text-align-center simbol-titre has-sub\">Discover the surroundings<sub><span>Water, sun and snow&#8230;<\/span><br>the cocktail of happiness!<\/sub><\/h1>\n\n\n\n<p>In the heart of the Louron Valley, completely renovated and dedicated to relaxation, the Wellness Sport Camping in<\/p>\n\n\n\n<p>Loudenvielle offers nature and well-being activities open to all at no extra charge.<\/p>\n<\/div>\n\n\n\n<div class=\"wp-block-group alignfull autres-elements has-theme-blue-3-background-color has-background is-layout-constrained wp-block-group-is-layout-constrained\" style=\"margin-bottom:0px\"><script>var object = [];<\/script>\n<div class=\"wp-block-otros-elementos alignwide\">\n\n                                        \n             \n            <div class=\"wp-block-columns columnas-3 slider-otros-elementos\">  \n                                \n                    <a class=\"wp-block-column r\" href=\"https:\/\/loudenvielle.wellness-sport-camping.com\/en\/your-stay\/water-sun-snow\/\">\n                    \n                        <div class=\"image-wrapper\">\n                            <img loading=\"lazy\" decoding=\"async\" width=\"1200\" height=\"800\" src=\"https:\/\/loudenvielle.wellness-sport-camping.com\/wp-content\/uploads\/adobestock-173016460.jpg\" class=\"attachment-gallery-large size-gallery-large wp-post-image\" alt=\"\" srcset=\"https:\/\/loudenvielle.wellness-sport-camping.com\/wp-content\/uploads\/adobestock-173016460.jpg 1200w, https:\/\/loudenvielle.wellness-sport-camping.com\/wp-content\/uploads\/adobestock-173016460-1024x683.jpg 1024w, https:\/\/loudenvielle.wellness-sport-camping.com\/wp-content\/uploads\/adobestock-173016460-768x512.jpg 768w, https:\/\/loudenvielle.wellness-sport-camping.com\/wp-content\/uploads\/adobestock-173016460-512x341.jpg 512w, https:\/\/loudenvielle.wellness-sport-camping.com\/wp-content\/uploads\/adobestock-173016460-256x171.jpg 256w\" sizes=\"auto, (max-width: 1200px) 100vw, 1200px\" \/>                        <\/div>\n                        <div class=\"content-slider\">\n                            <span class=\"titre-element\">Water, sun and snow<\/span>\n                            <div class=\"onhover \">\n                                                                    <p>In the heart of the Louron Valley, completely renovated and dedicated to relaxation, the Wellness Sport Camping in Loudenvielle offers nature and well-being activities open to all at no extra charge.<\/p>\n                                                                <div class=\"wp-block-custom-banner lien-button has-text-align-left\">\n                                    <div class=\"acf-innerblocks-container\">\n                                        <p>Discover<\/p>\n                                    <\/div>\n                                <\/div>\n                                                                \n                            <\/div>\n                        <\/div>\n                    <\/a>\n                                                \n                    <a class=\"wp-block-column r\" href=\"https:\/\/loudenvielle.wellness-sport-camping.com\/en\/your-stay\/wellness-area\/\">\n                    \n                        <div class=\"image-wrapper\">\n                            <img loading=\"lazy\" decoding=\"async\" width=\"1536\" height=\"1024\" src=\"https:\/\/loudenvielle.wellness-sport-camping.com\/wp-content\/uploads\/loudenviellucpa-41-1536x1024.jpg\" class=\"attachment-gallery-large size-gallery-large wp-post-image\" alt=\"\" srcset=\"https:\/\/loudenvielle.wellness-sport-camping.com\/wp-content\/uploads\/loudenviellucpa-41-1536x1024.jpg 1536w, https:\/\/loudenvielle.wellness-sport-camping.com\/wp-content\/uploads\/loudenviellucpa-41-1024x683.jpg 1024w, https:\/\/loudenvielle.wellness-sport-camping.com\/wp-content\/uploads\/loudenviellucpa-41-2048x1365.jpg 2048w, https:\/\/loudenvielle.wellness-sport-camping.com\/wp-content\/uploads\/loudenviellucpa-41-768x512.jpg 768w, https:\/\/loudenvielle.wellness-sport-camping.com\/wp-content\/uploads\/loudenviellucpa-41-512x341.jpg 512w, https:\/\/loudenvielle.wellness-sport-camping.com\/wp-content\/uploads\/loudenviellucpa-41-256x171.jpg 256w\" sizes=\"auto, (max-width: 1536px) 100vw, 1536px\" \/>                        <\/div>\n                        <div class=\"content-slider\">\n                            <span class=\"titre-element\">Wellness area<\/span>\n                            <div class=\"onhover \">\n                                                                    <p>Directly from your mobile home, access the changing rooms, change and go out into the open air to slip into delicious water heated to 35\u00b0&#8230;<\/p>\n                                                                <div class=\"wp-block-custom-banner lien-button has-text-align-left\">\n                                    <div class=\"acf-innerblocks-container\">\n                                        <p>Discover<\/p>\n                                    <\/div>\n                                <\/div>\n                                                                \n                            <\/div>\n                        <\/div>\n                    <\/a>\n                                                \n                    <a class=\"wp-block-column r\" href=\"https:\/\/loudenvielle.wellness-sport-camping.com\/en\/your-stay\/cctivities-during-your-stay\/\">\n                    \n                        <div class=\"image-wrapper\">\n                            <img loading=\"lazy\" decoding=\"async\" width=\"1200\" height=\"800\" src=\"https:\/\/loudenvielle.wellness-sport-camping.com\/wp-content\/uploads\/istock-526663765.jpg\" class=\"attachment-gallery-large size-gallery-large wp-post-image\" alt=\"\" srcset=\"https:\/\/loudenvielle.wellness-sport-camping.com\/wp-content\/uploads\/istock-526663765.jpg 1200w, https:\/\/loudenvielle.wellness-sport-camping.com\/wp-content\/uploads\/istock-526663765-1024x683.jpg 1024w, https:\/\/loudenvielle.wellness-sport-camping.com\/wp-content\/uploads\/istock-526663765-768x512.jpg 768w, https:\/\/loudenvielle.wellness-sport-camping.com\/wp-content\/uploads\/istock-526663765-512x341.jpg 512w, https:\/\/loudenvielle.wellness-sport-camping.com\/wp-content\/uploads\/istock-526663765-256x171.jpg 256w\" sizes=\"auto, (max-width: 1200px) 100vw, 1200px\" \/>                        <\/div>\n                        <div class=\"content-slider\">\n                            <span class=\"titre-element\">Activities during your stay<\/span>\n                            <div class=\"onhover \">\n                                                                    <p>A brand new experience to live together. To learn and practice yoga is already fabulous. But to practice it with Charlotte in front of the fireplace or in the open air is totally new.<\/p>\n                                                                <div class=\"wp-block-custom-banner lien-button has-text-align-left\">\n                                    <div class=\"acf-innerblocks-container\">\n                                        <p>Discover<\/p>\n                                    <\/div>\n                                <\/div>\n                                                                \n                            <\/div>\n                        <\/div>\n                    <\/a>\n                                                \n                    <a class=\"wp-block-column r\" href=\"https:\/\/loudenvielle.wellness-sport-camping.com\/en\/your-stay\/for-your-comfort\/\">\n                    \n                        <div class=\"image-wrapper\">\n                            <img loading=\"lazy\" decoding=\"async\" width=\"1200\" height=\"800\" src=\"https:\/\/loudenvielle.wellness-sport-camping.com\/wp-content\/uploads\/adobestock-116400216.jpg\" class=\"attachment-gallery-large size-gallery-large wp-post-image\" alt=\"\" srcset=\"https:\/\/loudenvielle.wellness-sport-camping.com\/wp-content\/uploads\/adobestock-116400216.jpg 1200w, https:\/\/loudenvielle.wellness-sport-camping.com\/wp-content\/uploads\/adobestock-116400216-1024x683.jpg 1024w, https:\/\/loudenvielle.wellness-sport-camping.com\/wp-content\/uploads\/adobestock-116400216-768x512.jpg 768w, https:\/\/loudenvielle.wellness-sport-camping.com\/wp-content\/uploads\/adobestock-116400216-512x341.jpg 512w, https:\/\/loudenvielle.wellness-sport-camping.com\/wp-content\/uploads\/adobestock-116400216-256x171.jpg 256w\" sizes=\"auto, (max-width: 1200px) 100vw, 1200px\" \/>                        <\/div>\n                        <div class=\"content-slider\">\n                            <span class=\"titre-element\">For Your Comfort<\/span>\n                            <div class=\"onhover \">\n                                                                    <p>Loving and sharing is Mamie JO&#8217;s philosophy! And it is this philosophy that has guided the creation of the CHEZ JO restaurant, a resolutely offbeat dwelling.<\/p>\n                                                                <div class=\"wp-block-custom-banner lien-button has-text-align-left\">\n                                    <div class=\"acf-innerblocks-container\">\n                                        <p>Discover<\/p>\n                                    <\/div>\n                                <\/div>\n                                                                \n                            <\/div>\n                        <\/div>\n                    <\/a>\n                                            <\/div>\n            \n            \n<\/div>\n\n\n<style>\n    @media only screen and (min-width: 1300px){\n        .locations-camping .slider-otros-alojamientos .splide__slide {\n            width: calc(68% \/ 3)!important;}\n    }\n<\/style><\/div>\n","protected":false},"excerpt":{"rendered":"<p>Discover the surroundingsWater, sun and snow&#8230;the cocktail of happiness! In the heart of the Louron Valley, completely renovated and dedicated to relaxation, the Wellness Sport&#8230;<\/p>\n","protected":false},"author":5,"featured_media":0,"parent":0,"menu_order":3,"comment_status":"closed","ping_status":"closed","template":"","meta":{"_acf_changed":false,"inline_featured_image":false,"footnotes":""},"class_list":["post-1932","page","type-page","status-publish","hentry"],"acf":[],"yoast_head":"<!-- This site is optimized with the Yoast SEO plugin v27.1.1 - https:\/\/yoast.com\/product\/yoast-seo-wordpress\/ -->\n<title>Plan your stay at camping La P\u00e8ne Blanche.<\/title>\n<meta name=\"description\" content=\"Discover all the elements to prepare your stay and spend a pleasant moment with us at camping La P\u00e8ne Blanche.\" \/>\n<meta name=\"robots\" content=\"index, follow, max-snippet:-1, max-image-preview:large, max-video-preview:-1\" \/>\n<link rel=\"canonical\" href=\"https:\/\/loudenvielle.wellness-sport-camping.com\/en\/your-stay\/\" \/>\n<meta property=\"og:locale\" content=\"en_US\" \/>\n<meta property=\"og:type\" content=\"article\" \/>\n<meta property=\"og:title\" content=\"Plan your stay at camping La P\u00e8ne Blanche.\" \/>\n<meta property=\"og:description\" content=\"Discover all the elements to prepare your stay and spend a pleasant moment with us at camping La P\u00e8ne Blanche.\" \/>\n<meta property=\"og:url\" content=\"https:\/\/loudenvielle.wellness-sport-camping.com\/en\/your-stay\/\" \/>\n<meta property=\"og:site_name\" content=\"Camping la P\u00e8ne Blanche\" \/>\n<meta property=\"article:modified_time\" content=\"2023-05-25T15:52:58+00:00\" \/>\n<meta property=\"og:image\" content=\"https:\/\/loudenvielle.wellness-sport-camping.com\/wp-content\/uploads\/sejour-top.jpg\" \/>\n<meta name=\"twitter:card\" content=\"summary_large_image\" \/>\n<meta name=\"twitter:label1\" content=\"Est. reading time\" \/>\n\t<meta name=\"twitter:data1\" content=\"1 minute\" \/>\n<script type=\"application\/ld+json\" class=\"yoast-schema-graph\">{\"@context\":\"https:\/\/schema.org\",\"@graph\":[{\"@type\":\"WebPage\",\"@id\":\"https:\/\/loudenvielle.wellness-sport-camping.com\/en\/your-stay\/\",\"url\":\"https:\/\/loudenvielle.wellness-sport-camping.com\/en\/your-stay\/\",\"name\":\"Plan your stay at camping La P\u00e8ne Blanche.\",\"isPartOf\":{\"@id\":\"https:\/\/loudenvielle.wellness-sport-camping.com\/en\/#website\"},\"primaryImageOfPage\":{\"@id\":\"https:\/\/loudenvielle.wellness-sport-camping.com\/en\/your-stay\/#primaryimage\"},\"image\":{\"@id\":\"https:\/\/loudenvielle.wellness-sport-camping.com\/en\/your-stay\/#primaryimage\"},\"thumbnailUrl\":\"https:\/\/loudenvielle.wellness-sport-camping.com\/wp-content\/uploads\/sejour-top.jpg\",\"datePublished\":\"2023-03-06T13:16:34+00:00\",\"dateModified\":\"2023-05-25T15:52:58+00:00\",\"description\":\"Discover all the elements to prepare your stay and spend a pleasant moment with us at camping La P\u00e8ne Blanche.\",\"breadcrumb\":{\"@id\":\"https:\/\/loudenvielle.wellness-sport-camping.com\/en\/your-stay\/#breadcrumb\"},\"inLanguage\":\"en-US\",\"potentialAction\":[{\"@type\":\"ReadAction\",\"target\":[\"https:\/\/loudenvielle.wellness-sport-camping.com\/en\/your-stay\/\"]}]},{\"@type\":\"ImageObject\",\"inLanguage\":\"en-US\",\"@id\":\"https:\/\/loudenvielle.wellness-sport-camping.com\/en\/your-stay\/#primaryimage\",\"url\":\"https:\/\/loudenvielle.wellness-sport-camping.com\/wp-content\/uploads\/sejour-top.jpg\",\"contentUrl\":\"https:\/\/loudenvielle.wellness-sport-camping.com\/wp-content\/uploads\/sejour-top.jpg\"},{\"@type\":\"BreadcrumbList\",\"@id\":\"https:\/\/loudenvielle.wellness-sport-camping.com\/en\/your-stay\/#breadcrumb\",\"itemListElement\":[{\"@type\":\"ListItem\",\"position\":1,\"name\":\"Home\",\"item\":\"https:\/\/loudenvielle.wellness-sport-camping.com\/en\/\"},{\"@type\":\"ListItem\",\"position\":2,\"name\":\"Your Stay\"}]},{\"@type\":\"WebSite\",\"@id\":\"https:\/\/loudenvielle.wellness-sport-camping.com\/en\/#website\",\"url\":\"https:\/\/loudenvielle.wellness-sport-camping.com\/en\/\",\"name\":\"Camping la P\u00e8ne Blanche\",\"description\":\"\u00e0 Loudenvielle dans les Hautes-Pyr\u00e9n\u00e9es\",\"publisher\":{\"@id\":\"https:\/\/loudenvielle.wellness-sport-camping.com\/en\/#organization\"},\"potentialAction\":[{\"@type\":\"SearchAction\",\"target\":{\"@type\":\"EntryPoint\",\"urlTemplate\":\"https:\/\/loudenvielle.wellness-sport-camping.com\/en\/?s={search_term_string}\"},\"query-input\":{\"@type\":\"PropertyValueSpecification\",\"valueRequired\":true,\"valueName\":\"search_term_string\"}}],\"inLanguage\":\"en-US\"},{\"@type\":\"Organization\",\"@id\":\"https:\/\/loudenvielle.wellness-sport-camping.com\/en\/#organization\",\"name\":\"Camping la P\u00e8ne Blanche\",\"url\":\"https:\/\/loudenvielle.wellness-sport-camping.com\/en\/\",\"logo\":{\"@type\":\"ImageObject\",\"inLanguage\":\"en-US\",\"@id\":\"https:\/\/loudenvielle.wellness-sport-camping.com\/en\/#\/schema\/logo\/image\/\",\"url\":\"https:\/\/loudenvielle.wellness-sport-camping.com\/wp-content\/uploads\/logo-penne-blanche.png\",\"contentUrl\":\"https:\/\/loudenvielle.wellness-sport-camping.com\/wp-content\/uploads\/logo-penne-blanche.png\",\"width\":260,\"height\":137,\"caption\":\"Camping la P\u00e8ne Blanche\"},\"image\":{\"@id\":\"https:\/\/loudenvielle.wellness-sport-camping.com\/en\/#\/schema\/logo\/image\/\"}}]}<\/script>\n<!-- \/ Yoast SEO plugin. -->","yoast_head_json":{"title":"Plan your stay at camping La P\u00e8ne Blanche.","description":"Discover all the elements to prepare your stay and spend a pleasant moment with us at camping La P\u00e8ne Blanche.","robots":{"index":"index","follow":"follow","max-snippet":"max-snippet:-1","max-image-preview":"max-image-preview:large","max-video-preview":"max-video-preview:-1"},"canonical":"https:\/\/loudenvielle.wellness-sport-camping.com\/en\/your-stay\/","og_locale":"en_US","og_type":"article","og_title":"Plan your stay at camping La P\u00e8ne Blanche.","og_description":"Discover all the elements to prepare your stay and spend a pleasant moment with us at camping La P\u00e8ne Blanche.","og_url":"https:\/\/loudenvielle.wellness-sport-camping.com\/en\/your-stay\/","og_site_name":"Camping la P\u00e8ne Blanche","article_modified_time":"2023-05-25T15:52:58+00:00","og_image":[{"url":"https:\/\/loudenvielle.wellness-sport-camping.com\/wp-content\/uploads\/sejour-top.jpg","type":"","width":"","height":""}],"twitter_card":"summary_large_image","twitter_misc":{"Est. reading time":"1 minute"},"schema":{"@context":"https:\/\/schema.org","@graph":[{"@type":"WebPage","@id":"https:\/\/loudenvielle.wellness-sport-camping.com\/en\/your-stay\/","url":"https:\/\/loudenvielle.wellness-sport-camping.com\/en\/your-stay\/","name":"Plan your stay at camping La P\u00e8ne Blanche.","isPartOf":{"@id":"https:\/\/loudenvielle.wellness-sport-camping.com\/en\/#website"},"primaryImageOfPage":{"@id":"https:\/\/loudenvielle.wellness-sport-camping.com\/en\/your-stay\/#primaryimage"},"image":{"@id":"https:\/\/loudenvielle.wellness-sport-camping.com\/en\/your-stay\/#primaryimage"},"thumbnailUrl":"https:\/\/loudenvielle.wellness-sport-camping.com\/wp-content\/uploads\/sejour-top.jpg","datePublished":"2023-03-06T13:16:34+00:00","dateModified":"2023-05-25T15:52:58+00:00","description":"Discover all the elements to prepare your stay and spend a pleasant moment with us at camping La P\u00e8ne Blanche.","breadcrumb":{"@id":"https:\/\/loudenvielle.wellness-sport-camping.com\/en\/your-stay\/#breadcrumb"},"inLanguage":"en-US","potentialAction":[{"@type":"ReadAction","target":["https:\/\/loudenvielle.wellness-sport-camping.com\/en\/your-stay\/"]}]},{"@type":"ImageObject","inLanguage":"en-US","@id":"https:\/\/loudenvielle.wellness-sport-camping.com\/en\/your-stay\/#primaryimage","url":"https:\/\/loudenvielle.wellness-sport-camping.com\/wp-content\/uploads\/sejour-top.jpg","contentUrl":"https:\/\/loudenvielle.wellness-sport-camping.com\/wp-content\/uploads\/sejour-top.jpg"},{"@type":"BreadcrumbList","@id":"https:\/\/loudenvielle.wellness-sport-camping.com\/en\/your-stay\/#breadcrumb","itemListElement":[{"@type":"ListItem","position":1,"name":"Home","item":"https:\/\/loudenvielle.wellness-sport-camping.com\/en\/"},{"@type":"ListItem","position":2,"name":"Your Stay"}]},{"@type":"WebSite","@id":"https:\/\/loudenvielle.wellness-sport-camping.com\/en\/#website","url":"https:\/\/loudenvielle.wellness-sport-camping.com\/en\/","name":"Camping la P\u00e8ne Blanche","description":"\u00e0 Loudenvielle dans les Hautes-Pyr\u00e9n\u00e9es","publisher":{"@id":"https:\/\/loudenvielle.wellness-sport-camping.com\/en\/#organization"},"potentialAction":[{"@type":"SearchAction","target":{"@type":"EntryPoint","urlTemplate":"https:\/\/loudenvielle.wellness-sport-camping.com\/en\/?s={search_term_string}"},"query-input":{"@type":"PropertyValueSpecification","valueRequired":true,"valueName":"search_term_string"}}],"inLanguage":"en-US"},{"@type":"Organization","@id":"https:\/\/loudenvielle.wellness-sport-camping.com\/en\/#organization","name":"Camping la P\u00e8ne Blanche","url":"https:\/\/loudenvielle.wellness-sport-camping.com\/en\/","logo":{"@type":"ImageObject","inLanguage":"en-US","@id":"https:\/\/loudenvielle.wellness-sport-camping.com\/en\/#\/schema\/logo\/image\/","url":"https:\/\/loudenvielle.wellness-sport-camping.com\/wp-content\/uploads\/logo-penne-blanche.png","contentUrl":"https:\/\/loudenvielle.wellness-sport-camping.com\/wp-content\/uploads\/logo-penne-blanche.png","width":260,"height":137,"caption":"Camping la P\u00e8ne Blanche"},"image":{"@id":"https:\/\/loudenvielle.wellness-sport-camping.com\/en\/#\/schema\/logo\/image\/"}}]}},"_links":{"self":[{"href":"https:\/\/loudenvielle.wellness-sport-camping.com\/en\/wp-json\/wp\/v2\/pages\/1932","targetHints":{"allow":["GET"]}}],"collection":[{"href":"https:\/\/loudenvielle.wellness-sport-camping.com\/en\/wp-json\/wp\/v2\/pages"}],"about":[{"href":"https:\/\/loudenvielle.wellness-sport-camping.com\/en\/wp-json\/wp\/v2\/types\/page"}],"author":[{"embeddable":true,"href":"https:\/\/loudenvielle.wellness-sport-camping.com\/en\/wp-json\/wp\/v2\/users\/5"}],"replies":[{"embeddable":true,"href":"https:\/\/loudenvielle.wellness-sport-camping.com\/en\/wp-json\/wp\/v2\/comments?post=1932"}],"version-history":[{"count":2,"href":"https:\/\/loudenvielle.wellness-sport-camping.com\/en\/wp-json\/wp\/v2\/pages\/1932\/revisions"}],"predecessor-version":[{"id":2326,"href":"https:\/\/loudenvielle.wellness-sport-camping.com\/en\/wp-json\/wp\/v2\/pages\/1932\/revisions\/2326"}],"wp:attachment":[{"href":"https:\/\/loudenvielle.wellness-sport-camping.com\/en\/wp-json\/wp\/v2\/media?parent=1932"}],"curies":[{"name":"wp","href":"https:\/\/api.w.org\/{rel}","templated":true}]}}