{"id":1926,"date":"2023-03-13T13:19:14","date_gmt":"2023-03-13T12:19:14","guid":{"rendered":"https:\/\/loudenvielle.wellness-sport-camping.com\/tout-autour\/lespagne-a-deux-pas\/"},"modified":"2023-06-07T09:33:16","modified_gmt":"2023-06-07T07:33:16","slug":"spain-at-your-doorstep","status":"publish","type":"page","link":"https:\/\/loudenvielle.wellness-sport-camping.com\/en\/all-around\/spain-at-your-doorstep\/","title":{"rendered":"\u00a0Spain at your doorstep"},"content":{"rendered":"\n<div class=\"wp-block-cover alignfull header-top simbol-top-left\" style=\"margin-top:0px;margin-bottom:0px;padding-top:0;padding-right:0;padding-bottom:0px;padding-left:0;min-height:95vh;aspect-ratio:unset;\"><span aria-hidden=\"true\" class=\"wp-block-cover__background has-background-dim-10 has-background-dim\"><\/span><img loading=\"lazy\" decoding=\"async\" width=\"1200\" height=\"800\" class=\"wp-block-cover__image-background wp-image-1692\" alt=\"\" src=\"https:\/\/loudenvielle.wellness-sport-camping.com\/wp-content\/uploads\/adobestock-145378351.jpg\" data-object-fit=\"cover\" srcset=\"https:\/\/loudenvielle.wellness-sport-camping.com\/wp-content\/uploads\/adobestock-145378351.jpg 1200w, https:\/\/loudenvielle.wellness-sport-camping.com\/wp-content\/uploads\/adobestock-145378351-1024x683.jpg 1024w, https:\/\/loudenvielle.wellness-sport-camping.com\/wp-content\/uploads\/adobestock-145378351-768x512.jpg 768w, https:\/\/loudenvielle.wellness-sport-camping.com\/wp-content\/uploads\/adobestock-145378351-512x341.jpg 512w, https:\/\/loudenvielle.wellness-sport-camping.com\/wp-content\/uploads\/adobestock-145378351-256x171.jpg 256w\" sizes=\"auto, (max-width: 1200px) 100vw, 1200px\" \/><div class=\"wp-block-cover__inner-container is-layout-flow wp-block-cover-is-layout-flow\">\n<div class=\"wp-block-group titre-top animation--init--once animation--top is-layout-constrained wp-block-group-is-layout-constrained\" style=\"padding-bottom:0px\">\n<p class=\"has-text-align-center has-theme-white-color has-text-color has-damion-font-family has-h-1-font-size\">Spain at your doorstep<\/p>\n\n\n\n<p class=\"has-text-align-center has-theme-white-color has-text-color\"><\/p>\n<\/div>\n\n\n\n<div class=\"wp-block-group breadcrumbs-top is-layout-constrained wp-block-group-is-layout-constrained\" style=\"margin-top:10px;margin-bottom:0px\">\n<span><span><a href=\"https:\/\/loudenvielle.wellness-sport-camping.com\/en\/\">Home<\/a><\/span><\/span>\n<\/div>\n\n\n\n<div class=\"wp-block-group alignfull motor-thelis has-theme-brown-2-background-color has-background is-layout-constrained wp-container-core-group-is-layout-e129b69f wp-block-group-is-layout-constrained\" style=\"padding-top:0px;padding-right:0px;padding-bottom:0px;padding-left:0px\">\n<div class=\"wp-block-columns is-layout-flex wp-container-core-columns-is-layout-28f84493 wp-block-columns-is-layout-flex\">\n<div class=\"wp-block-column is-layout-flow wp-block-column-is-layout-flow\" style=\"flex-basis:100%\">\n<section class=\"formulaire-de-recherche-bar\">\r\n            <div id=\"expand-thelis-formulaire\">Book<\/div>\r\n            <div class=\"container-form\"><thr-search-engine><\/thr-search-engine><a id=\"pay-btn-2\" onclick=\"window.open('https:\/\/thelisresa.webcamp.fr\/cart-directPayment.php?camping=fhjc8911&amp;lang=en');\"><i><\/i>Pay stay<\/a>\r\n            <style>\r\n            \r\n            .thr-search-engine .thr-search-engine-main > .thr-btn-search { max-width: 20% !important; }\r\n            .thr .btn i { margin-right: 0 !important; }\r\n            #pay-btn-2 { \r\n                position: absolute;\r\n                right: 0;top: 0;\r\n                margin: 10px;\r\n                border: 0;\r\n                background-color: ;\r\n                color: ;\r\n                cursor: pointer;\r\n                width: calc(17% - 5px);\r\n                padding: 17px 0;\r\n                font-size: 18px;\r\n                font-weight: bold;\r\n                text-transform: auto;\r\n                transition: all .35s;\r\n                display: flex;justify-content: center;\r\n                align-items: center;\r\n            }\r\n            #pay-btn-2 i {\r\n                display: inline-flex;\r\n                width:18px;height:18px;\r\n                margin-right: 5px;\r\n                background-image: url('data:image\/svg+xml;utf8,<?xml version=\"1.0\" encoding=\"utf-8\"?><svg width=\"1792\" height=\"1792\" viewBox=\"0 0 1792 1792\" xmlns=\"http:\/\/www.w3.org\/2000\/svg\"><path d=\"M704 1536q0 52-38 90t-90 38-90-38-38-90 38-90 90-38 90 38 38 90zm896 0q0 52-38 90t-90 38-90-38-38-90 38-90 90-38 90 38 38 90zm128-1088v512q0 24-16.5 42.5t-40.5 21.5l-1044 122q13 60 13 70 0 16-24 64h920q26 0 45 19t19 45-19 45-45 19h-1024q-26 0-45-19t-19-45q0-11 8-31.5t16-36 21.5-40 15.5-29.5l-177-823h-204q-26 0-45-19t-19-45 19-45 45-19h256q16 0 28.5 6.5t19.5 15.5 13 24.5 8 26 5.5 29.5 4.5 26h1201q26 0 45 19t19 45z\" fill=\"rgba(255,255,255,1)\" \/><\/svg>');\r\n                background-size: cover;background-position: center center;background-repeat: no-repeat;\r\n            }\r\n            #pay-btn-2:hover { background-color: ; }\r\n            .thr-search-engine { width: 83%; }\r\n\r\n            @media screen and (max-width: 1024px) {\r\n                #pay-btn-2 { top: 52px; }\r\n                .thr-search-engine .thr-search-engine-main > .thr-btn-search { max-width: inherit !important; }\r\n            }\r\n            @media screen and (max-width: 990px) {\r\n                .thr-search-engine { width: 100%; }\r\n                #pay-btn-2 { position: relative;width: calc(100% - 20px);top: auto;margin-top: 0; }\r\n            }\r\n\r\n            thr-search-engine { border-right: 200px rgba(0,0,0,0) solid;display: block; }\r\n            @media screen and (max-width: 1024px) {\r\n                thr-search-engine { border-right: inherit;display: inherit; }\r\n            }\r\n            <\/style>\r\n            <\/div><\/section><!-- .formulaire-de-recherche-bar --><style>\r\n        #expand-thelis-formulaire { display: none; }\r\n        @media screen and (max-width: 1024px) {\r\n            #expand-thelis-formulaire { display: block; }\r\n            .formulaire-de-recherche-bar .container-form { display: none; }\r\n        }\r\n    <\/style><script>\r\n    jQuery(document).ready(function($){\r\n        jQuery('#expand-thelis-formulaire').click(function(){\r\n            if(\r\n                jQuery('.formulaire-de-recherche-bar .container-form').css('display') == 'none'\r\n            ){\r\n                jQuery('.formulaire-de-recherche-bar .container-form').css('display', 'block');\r\n                jQuery('#expand-thelis-formulaire').addClass('expanded');\r\n            }else{\r\n                jQuery('.formulaire-de-recherche-bar .container-form').css('display', 'none');\r\n                jQuery('#expand-thelis-formulaire').removeClass('expanded');\r\n            }\r\n        });\r\n    });\r\n    <\/script>\n<\/div>\n<\/div>\n<\/div>\n<\/div><\/div>\n\n\n\n<div class=\"wp-block-group alignfull page-intro simbol-top-right-2 is-layout-constrained wp-block-group-is-layout-constrained\">\n<div class=\"wp-block-columns is-layout-flex wp-container-core-columns-is-layout-28f84493 wp-block-columns-is-layout-flex\">\n<div class=\"wp-block-column is-layout-flow wp-block-column-is-layout-flow\">\n<h1 class=\"wp-block-heading has-text-align-center simbol-titre has-sub\">Discover Spain at your doorstep<sub>near the campsite La P\u00e8ne Blanche<\/sub><\/h1>\n\n\n\n<p>Go through the Aragnouet tunnel and find yourself in the Spanish canyons and enjoy tapas in a warm atmosphere!<\/p>\n<\/div>\n<\/div>\n<\/div>\n\n\n\n<div class=\"wp-block-group alignfull is-layout-constrained wp-block-group-is-layout-constrained\" style=\"margin-top:0px;margin-bottom:0px\">\n<div class=\"wp-block-cover alignfull is-light has-parallax\" style=\"min-height:500px;aspect-ratio:unset;\"><span aria-hidden=\"true\" class=\"wp-block-cover__background has-background-dim-0 has-background-dim\"><\/span><div role=\"img\" class=\"wp-block-cover__image-background wp-image-1661 has-parallax\" style=\"background-position:50% 50%;background-image:url(https:\/\/loudenvielle.wellness-sport-camping.com\/wp-content\/uploads\/chez-nous-parallax-2.jpg)\"><\/div><div class=\"wp-block-cover__inner-container is-layout-flow wp-block-cover-is-layout-flow\">\n<p class=\"has-text-align-center has-large-font-size\"><\/p>\n<\/div><\/div>\n<\/div>\n\n\n\n<div class=\"wp-block-group alignfull savoir-single simbol-top-right r bg-bottom-right is-layout-constrained wp-block-group-is-layout-constrained\" style=\"margin-top:0px;margin-bottom:0px\">\n<div class=\"wp-block-columns is-layout-flex wp-container-core-columns-is-layout-28f84493 wp-block-columns-is-layout-flex\">\n<div class=\"wp-block-column is-layout-flow wp-block-column-is-layout-flow\">\n<h2 class=\"wp-block-heading has-text-align-center simbol-titre line-titre\">Read More<\/h2>\n\n\n\n<p class=\"titre\"><strong>Ordesa and Mont Perdu National Park<\/strong><\/p>\n\n\n\n<p>By taking the Aragnouet tunnel, you will arrive in a set of 4 valleys to visit at 1h40 from the campsite. First of all, discover the Ordesa valley and walk along its paths to lose yourself in its surroundings and find the Cola de Caballo waterfall. From Escalona you can access the A\u00f1isclo canyon, which splits the mountain from south to north. To the east, the Escuain Gorge will delight ornithologists with its diverse flora. Finally, the Pineta valley offers a breathtaking view of the Tres Sonores (Monte Perdido, the Marbor\u00e9 Cylinder and the Soum de Ramond), three mountains that you can contemplate in the middle of the woods.<\/p>\n\n\n\n<p class=\"titre\"><strong>Things to do in Spain near the campsite<\/strong><\/p>\n\n\n\n<p>For a day of culture you can go to Vielha to visit the Val d&#8217;Aran museum, which tells the history of the region but also has a collection of artistic objects. The museum also has a collection of artistic objects and offers activities for the youngest visitors, such as treasure hunts. It is also an opportunity to taste local specialities such as the \u00d2lha aranesa, a soup made of meat, pasta and vegetables, perfect after a good day&#8217;s walk in the woods or around the Bassa d&#8217;Oles lake. Spanish food also means tapas, which you can enjoy quickly from our campsite.<\/p>\n\n\n\n<figure class=\"wp-block-gallery has-nested-images columns-default is-cropped galerie-images animation--init--once animation--top wp-block-gallery-1 is-layout-flex wp-block-gallery-is-layout-flex\">\n<figure class=\"wp-block-image size-full\"><a href=\"https:\/\/loudenvielle.wellness-sport-camping.com\/wp-content\/uploads\/lac-genos-loudenvielle-a.jpg\" class=\"image-link\"><img loading=\"lazy\" decoding=\"async\" width=\"1200\" height=\"800\" data-id=\"1697\" src=\"https:\/\/loudenvielle.wellness-sport-camping.com\/wp-content\/uploads\/lac-genos-loudenvielle-a.jpg\" alt=\"\" class=\"wp-image-1697\" srcset=\"https:\/\/loudenvielle.wellness-sport-camping.com\/wp-content\/uploads\/lac-genos-loudenvielle-a.jpg 1200w, https:\/\/loudenvielle.wellness-sport-camping.com\/wp-content\/uploads\/lac-genos-loudenvielle-a-1024x683.jpg 1024w, https:\/\/loudenvielle.wellness-sport-camping.com\/wp-content\/uploads\/lac-genos-loudenvielle-a-768x512.jpg 768w, https:\/\/loudenvielle.wellness-sport-camping.com\/wp-content\/uploads\/lac-genos-loudenvielle-a-512x341.jpg 512w, https:\/\/loudenvielle.wellness-sport-camping.com\/wp-content\/uploads\/lac-genos-loudenvielle-a-256x171.jpg 256w\" sizes=\"auto, (max-width: 1200px) 100vw, 1200px\" \/><\/a><\/figure>\n\n\n\n<figure class=\"wp-block-image size-full\"><a href=\"https:\/\/loudenvielle.wellness-sport-camping.com\/wp-content\/uploads\/genos-vtt-1-a.jpg\" class=\"image-link\"><img loading=\"lazy\" decoding=\"async\" width=\"1200\" height=\"800\" data-id=\"1696\" src=\"https:\/\/loudenvielle.wellness-sport-camping.com\/wp-content\/uploads\/genos-vtt-1-a.jpg\" alt=\"\" class=\"wp-image-1696\" srcset=\"https:\/\/loudenvielle.wellness-sport-camping.com\/wp-content\/uploads\/genos-vtt-1-a.jpg 1200w, https:\/\/loudenvielle.wellness-sport-camping.com\/wp-content\/uploads\/genos-vtt-1-a-1024x683.jpg 1024w, https:\/\/loudenvielle.wellness-sport-camping.com\/wp-content\/uploads\/genos-vtt-1-a-768x512.jpg 768w, https:\/\/loudenvielle.wellness-sport-camping.com\/wp-content\/uploads\/genos-vtt-1-a-512x341.jpg 512w, https:\/\/loudenvielle.wellness-sport-camping.com\/wp-content\/uploads\/genos-vtt-1-a-256x171.jpg 256w\" sizes=\"auto, (max-width: 1200px) 100vw, 1200px\" \/><\/a><\/figure>\n\n\n\n<figure class=\"wp-block-image size-full\"><a href=\"https:\/\/loudenvielle.wellness-sport-camping.com\/wp-content\/uploads\/adobestock-327596618.jpg\" class=\"image-link\"><img loading=\"lazy\" decoding=\"async\" width=\"1200\" height=\"800\" data-id=\"1693\" src=\"https:\/\/loudenvielle.wellness-sport-camping.com\/wp-content\/uploads\/adobestock-327596618.jpg\" alt=\"\" class=\"wp-image-1693\" srcset=\"https:\/\/loudenvielle.wellness-sport-camping.com\/wp-content\/uploads\/adobestock-327596618.jpg 1200w, https:\/\/loudenvielle.wellness-sport-camping.com\/wp-content\/uploads\/adobestock-327596618-1024x683.jpg 1024w, https:\/\/loudenvielle.wellness-sport-camping.com\/wp-content\/uploads\/adobestock-327596618-768x512.jpg 768w, https:\/\/loudenvielle.wellness-sport-camping.com\/wp-content\/uploads\/adobestock-327596618-512x341.jpg 512w, https:\/\/loudenvielle.wellness-sport-camping.com\/wp-content\/uploads\/adobestock-327596618-256x171.jpg 256w\" sizes=\"auto, (max-width: 1200px) 100vw, 1200px\" \/><\/a><\/figure>\n<\/figure>\n<\/div>\n<\/div>\n<\/div>\n","protected":false},"excerpt":{"rendered":"<p>Go through the Aragnouet tunnel and find yourself in the Spanish canyons and enjoy tapas in a warm atmosphere!<\/p>\n","protected":false},"author":5,"featured_media":1692,"parent":1922,"menu_order":1,"comment_status":"closed","ping_status":"closed","template":"","meta":{"_acf_changed":false,"inline_featured_image":false,"footnotes":""},"class_list":["post-1926","page","type-page","status-publish","has-post-thumbnail","hentry"],"acf":[],"yoast_head":"<!-- This site is optimized with the Yoast SEO plugin v27.1.1 - https:\/\/yoast.com\/product\/yoast-seo-wordpress\/ -->\n<title>Spain is just at your doorstep from camping La P\u00e8ne Blanche.<\/title>\n<meta name=\"description\" content=\"Enjoy the Spanish canyons just at your doorstep from La P\u00e8ne Blanche and treat yourself to some tapas.\" \/>\n<meta name=\"robots\" content=\"index, follow, max-snippet:-1, max-image-preview:large, max-video-preview:-1\" \/>\n<link rel=\"canonical\" href=\"https:\/\/loudenvielle.wellness-sport-camping.com\/en\/all-around\/spain-at-your-doorstep\/\" \/>\n<meta property=\"og:locale\" content=\"en_US\" \/>\n<meta property=\"og:type\" content=\"article\" \/>\n<meta property=\"og:title\" content=\"Spain is just at your doorstep from camping La P\u00e8ne Blanche.\" \/>\n<meta property=\"og:description\" content=\"Enjoy the Spanish canyons just at your doorstep from La P\u00e8ne Blanche and treat yourself to some tapas.\" \/>\n<meta property=\"og:url\" content=\"https:\/\/loudenvielle.wellness-sport-camping.com\/en\/all-around\/spain-at-your-doorstep\/\" \/>\n<meta property=\"og:site_name\" content=\"Camping la P\u00e8ne Blanche\" \/>\n<meta property=\"article:modified_time\" content=\"2023-06-07T07:33:16+00:00\" \/>\n<meta property=\"og:image\" content=\"https:\/\/loudenvielle.wellness-sport-camping.com\/wp-content\/uploads\/adobestock-145378351.jpg\" \/>\n\t<meta property=\"og:image:width\" content=\"1200\" \/>\n\t<meta property=\"og:image:height\" content=\"800\" \/>\n\t<meta property=\"og:image:type\" content=\"image\/jpeg\" \/>\n<meta name=\"twitter:card\" content=\"summary_large_image\" \/>\n<meta name=\"twitter:label1\" content=\"Est. reading time\" \/>\n\t<meta name=\"twitter:data1\" content=\"3 minutes\" \/>\n<script type=\"application\/ld+json\" class=\"yoast-schema-graph\">{\"@context\":\"https:\/\/schema.org\",\"@graph\":[{\"@type\":\"WebPage\",\"@id\":\"https:\/\/loudenvielle.wellness-sport-camping.com\/en\/all-around\/spain-at-your-doorstep\/\",\"url\":\"https:\/\/loudenvielle.wellness-sport-camping.com\/en\/all-around\/spain-at-your-doorstep\/\",\"name\":\"Spain is just at your doorstep from camping La P\u00e8ne Blanche.\",\"isPartOf\":{\"@id\":\"https:\/\/loudenvielle.wellness-sport-camping.com\/en\/#website\"},\"primaryImageOfPage\":{\"@id\":\"https:\/\/loudenvielle.wellness-sport-camping.com\/en\/all-around\/spain-at-your-doorstep\/#primaryimage\"},\"image\":{\"@id\":\"https:\/\/loudenvielle.wellness-sport-camping.com\/en\/all-around\/spain-at-your-doorstep\/#primaryimage\"},\"thumbnailUrl\":\"https:\/\/loudenvielle.wellness-sport-camping.com\/wp-content\/uploads\/adobestock-145378351.jpg\",\"datePublished\":\"2023-03-13T12:19:14+00:00\",\"dateModified\":\"2023-06-07T07:33:16+00:00\",\"description\":\"Enjoy the Spanish canyons just at your doorstep from La P\u00e8ne Blanche and treat yourself to some tapas.\",\"breadcrumb\":{\"@id\":\"https:\/\/loudenvielle.wellness-sport-camping.com\/en\/all-around\/spain-at-your-doorstep\/#breadcrumb\"},\"inLanguage\":\"en-US\",\"potentialAction\":[{\"@type\":\"ReadAction\",\"target\":[\"https:\/\/loudenvielle.wellness-sport-camping.com\/en\/all-around\/spain-at-your-doorstep\/\"]}]},{\"@type\":\"ImageObject\",\"inLanguage\":\"en-US\",\"@id\":\"https:\/\/loudenvielle.wellness-sport-camping.com\/en\/all-around\/spain-at-your-doorstep\/#primaryimage\",\"url\":\"https:\/\/loudenvielle.wellness-sport-camping.com\/wp-content\/uploads\/adobestock-145378351.jpg\",\"contentUrl\":\"https:\/\/loudenvielle.wellness-sport-camping.com\/wp-content\/uploads\/adobestock-145378351.jpg\",\"width\":1200,\"height\":800},{\"@type\":\"BreadcrumbList\",\"@id\":\"https:\/\/loudenvielle.wellness-sport-camping.com\/en\/all-around\/spain-at-your-doorstep\/#breadcrumb\",\"itemListElement\":[{\"@type\":\"ListItem\",\"position\":1,\"name\":\"Home\",\"item\":\"https:\/\/loudenvielle.wellness-sport-camping.com\/en\/\"},{\"@type\":\"ListItem\",\"position\":2,\"name\":\"All around\",\"item\":\"https:\/\/loudenvielle.wellness-sport-camping.com\/en\/all-around\/\"},{\"@type\":\"ListItem\",\"position\":3,\"name\":\"\u00a0Spain at your doorstep\"}]},{\"@type\":\"WebSite\",\"@id\":\"https:\/\/loudenvielle.wellness-sport-camping.com\/en\/#website\",\"url\":\"https:\/\/loudenvielle.wellness-sport-camping.com\/en\/\",\"name\":\"Camping la P\u00e8ne Blanche\",\"description\":\"\u00e0 Loudenvielle dans les Hautes-Pyr\u00e9n\u00e9es\",\"publisher\":{\"@id\":\"https:\/\/loudenvielle.wellness-sport-camping.com\/en\/#organization\"},\"potentialAction\":[{\"@type\":\"SearchAction\",\"target\":{\"@type\":\"EntryPoint\",\"urlTemplate\":\"https:\/\/loudenvielle.wellness-sport-camping.com\/en\/?s={search_term_string}\"},\"query-input\":{\"@type\":\"PropertyValueSpecification\",\"valueRequired\":true,\"valueName\":\"search_term_string\"}}],\"inLanguage\":\"en-US\"},{\"@type\":\"Organization\",\"@id\":\"https:\/\/loudenvielle.wellness-sport-camping.com\/en\/#organization\",\"name\":\"Camping la P\u00e8ne Blanche\",\"url\":\"https:\/\/loudenvielle.wellness-sport-camping.com\/en\/\",\"logo\":{\"@type\":\"ImageObject\",\"inLanguage\":\"en-US\",\"@id\":\"https:\/\/loudenvielle.wellness-sport-camping.com\/en\/#\/schema\/logo\/image\/\",\"url\":\"https:\/\/loudenvielle.wellness-sport-camping.com\/wp-content\/uploads\/logo-penne-blanche.png\",\"contentUrl\":\"https:\/\/loudenvielle.wellness-sport-camping.com\/wp-content\/uploads\/logo-penne-blanche.png\",\"width\":260,\"height\":137,\"caption\":\"Camping la P\u00e8ne Blanche\"},\"image\":{\"@id\":\"https:\/\/loudenvielle.wellness-sport-camping.com\/en\/#\/schema\/logo\/image\/\"}}]}<\/script>\n<!-- \/ Yoast SEO plugin. -->","yoast_head_json":{"title":"Spain is just at your doorstep from camping La P\u00e8ne Blanche.","description":"Enjoy the Spanish canyons just at your doorstep from La P\u00e8ne Blanche and treat yourself to some tapas.","robots":{"index":"index","follow":"follow","max-snippet":"max-snippet:-1","max-image-preview":"max-image-preview:large","max-video-preview":"max-video-preview:-1"},"canonical":"https:\/\/loudenvielle.wellness-sport-camping.com\/en\/all-around\/spain-at-your-doorstep\/","og_locale":"en_US","og_type":"article","og_title":"Spain is just at your doorstep from camping La P\u00e8ne Blanche.","og_description":"Enjoy the Spanish canyons just at your doorstep from La P\u00e8ne Blanche and treat yourself to some tapas.","og_url":"https:\/\/loudenvielle.wellness-sport-camping.com\/en\/all-around\/spain-at-your-doorstep\/","og_site_name":"Camping la P\u00e8ne Blanche","article_modified_time":"2023-06-07T07:33:16+00:00","og_image":[{"width":1200,"height":800,"url":"https:\/\/loudenvielle.wellness-sport-camping.com\/wp-content\/uploads\/adobestock-145378351.jpg","type":"image\/jpeg"}],"twitter_card":"summary_large_image","twitter_misc":{"Est. reading time":"3 minutes"},"schema":{"@context":"https:\/\/schema.org","@graph":[{"@type":"WebPage","@id":"https:\/\/loudenvielle.wellness-sport-camping.com\/en\/all-around\/spain-at-your-doorstep\/","url":"https:\/\/loudenvielle.wellness-sport-camping.com\/en\/all-around\/spain-at-your-doorstep\/","name":"Spain is just at your doorstep from camping La P\u00e8ne Blanche.","isPartOf":{"@id":"https:\/\/loudenvielle.wellness-sport-camping.com\/en\/#website"},"primaryImageOfPage":{"@id":"https:\/\/loudenvielle.wellness-sport-camping.com\/en\/all-around\/spain-at-your-doorstep\/#primaryimage"},"image":{"@id":"https:\/\/loudenvielle.wellness-sport-camping.com\/en\/all-around\/spain-at-your-doorstep\/#primaryimage"},"thumbnailUrl":"https:\/\/loudenvielle.wellness-sport-camping.com\/wp-content\/uploads\/adobestock-145378351.jpg","datePublished":"2023-03-13T12:19:14+00:00","dateModified":"2023-06-07T07:33:16+00:00","description":"Enjoy the Spanish canyons just at your doorstep from La P\u00e8ne Blanche and treat yourself to some tapas.","breadcrumb":{"@id":"https:\/\/loudenvielle.wellness-sport-camping.com\/en\/all-around\/spain-at-your-doorstep\/#breadcrumb"},"inLanguage":"en-US","potentialAction":[{"@type":"ReadAction","target":["https:\/\/loudenvielle.wellness-sport-camping.com\/en\/all-around\/spain-at-your-doorstep\/"]}]},{"@type":"ImageObject","inLanguage":"en-US","@id":"https:\/\/loudenvielle.wellness-sport-camping.com\/en\/all-around\/spain-at-your-doorstep\/#primaryimage","url":"https:\/\/loudenvielle.wellness-sport-camping.com\/wp-content\/uploads\/adobestock-145378351.jpg","contentUrl":"https:\/\/loudenvielle.wellness-sport-camping.com\/wp-content\/uploads\/adobestock-145378351.jpg","width":1200,"height":800},{"@type":"BreadcrumbList","@id":"https:\/\/loudenvielle.wellness-sport-camping.com\/en\/all-around\/spain-at-your-doorstep\/#breadcrumb","itemListElement":[{"@type":"ListItem","position":1,"name":"Home","item":"https:\/\/loudenvielle.wellness-sport-camping.com\/en\/"},{"@type":"ListItem","position":2,"name":"All around","item":"https:\/\/loudenvielle.wellness-sport-camping.com\/en\/all-around\/"},{"@type":"ListItem","position":3,"name":"\u00a0Spain at your doorstep"}]},{"@type":"WebSite","@id":"https:\/\/loudenvielle.wellness-sport-camping.com\/en\/#website","url":"https:\/\/loudenvielle.wellness-sport-camping.com\/en\/","name":"Camping la P\u00e8ne Blanche","description":"\u00e0 Loudenvielle dans les Hautes-Pyr\u00e9n\u00e9es","publisher":{"@id":"https:\/\/loudenvielle.wellness-sport-camping.com\/en\/#organization"},"potentialAction":[{"@type":"SearchAction","target":{"@type":"EntryPoint","urlTemplate":"https:\/\/loudenvielle.wellness-sport-camping.com\/en\/?s={search_term_string}"},"query-input":{"@type":"PropertyValueSpecification","valueRequired":true,"valueName":"search_term_string"}}],"inLanguage":"en-US"},{"@type":"Organization","@id":"https:\/\/loudenvielle.wellness-sport-camping.com\/en\/#organization","name":"Camping la P\u00e8ne Blanche","url":"https:\/\/loudenvielle.wellness-sport-camping.com\/en\/","logo":{"@type":"ImageObject","inLanguage":"en-US","@id":"https:\/\/loudenvielle.wellness-sport-camping.com\/en\/#\/schema\/logo\/image\/","url":"https:\/\/loudenvielle.wellness-sport-camping.com\/wp-content\/uploads\/logo-penne-blanche.png","contentUrl":"https:\/\/loudenvielle.wellness-sport-camping.com\/wp-content\/uploads\/logo-penne-blanche.png","width":260,"height":137,"caption":"Camping la P\u00e8ne Blanche"},"image":{"@id":"https:\/\/loudenvielle.wellness-sport-camping.com\/en\/#\/schema\/logo\/image\/"}}]}},"_links":{"self":[{"href":"https:\/\/loudenvielle.wellness-sport-camping.com\/en\/wp-json\/wp\/v2\/pages\/1926","targetHints":{"allow":["GET"]}}],"collection":[{"href":"https:\/\/loudenvielle.wellness-sport-camping.com\/en\/wp-json\/wp\/v2\/pages"}],"about":[{"href":"https:\/\/loudenvielle.wellness-sport-camping.com\/en\/wp-json\/wp\/v2\/types\/page"}],"author":[{"embeddable":true,"href":"https:\/\/loudenvielle.wellness-sport-camping.com\/en\/wp-json\/wp\/v2\/users\/5"}],"replies":[{"embeddable":true,"href":"https:\/\/loudenvielle.wellness-sport-camping.com\/en\/wp-json\/wp\/v2\/comments?post=1926"}],"version-history":[{"count":2,"href":"https:\/\/loudenvielle.wellness-sport-camping.com\/en\/wp-json\/wp\/v2\/pages\/1926\/revisions"}],"predecessor-version":[{"id":2442,"href":"https:\/\/loudenvielle.wellness-sport-camping.com\/en\/wp-json\/wp\/v2\/pages\/1926\/revisions\/2442"}],"up":[{"embeddable":true,"href":"https:\/\/loudenvielle.wellness-sport-camping.com\/en\/wp-json\/wp\/v2\/pages\/1922"}],"wp:featuredmedia":[{"embeddable":true,"href":"https:\/\/loudenvielle.wellness-sport-camping.com\/en\/wp-json\/wp\/v2\/media\/1692"}],"wp:attachment":[{"href":"https:\/\/loudenvielle.wellness-sport-camping.com\/en\/wp-json\/wp\/v2\/media?parent=1926"}],"curies":[{"name":"wp","href":"https:\/\/api.w.org\/{rel}","templated":true}]}}