{"id":1920,"date":"2023-03-13T13:16:20","date_gmt":"2023-03-13T12:16:20","guid":{"rendered":"https:\/\/loudenvielle.wellness-sport-camping.com\/le-camping\/ete\/"},"modified":"2025-06-24T17:19:04","modified_gmt":"2025-06-24T15:19:04","slug":"summer","status":"publish","type":"page","link":"https:\/\/loudenvielle.wellness-sport-camping.com\/en\/the-campsite\/summer\/","title":{"rendered":"Summer"},"content":{"rendered":"\n<div class=\"wp-block-cover alignfull header-top simbol-top-left\" style=\"margin-top:0px;margin-bottom:0px;padding-top:0;padding-right:0;padding-bottom:0px;padding-left:0;min-height:95vh;aspect-ratio:unset;\"><img loading=\"lazy\" decoding=\"async\" width=\"1920\" height=\"900\" class=\"wp-block-cover__image-background wp-image-1669\" alt=\"\" src=\"https:\/\/loudenvielle.wellness-sport-camping.com\/wp-content\/uploads\/ete-top.jpg\" data-object-fit=\"cover\" srcset=\"https:\/\/loudenvielle.wellness-sport-camping.com\/wp-content\/uploads\/ete-top.jpg 1920w, https:\/\/loudenvielle.wellness-sport-camping.com\/wp-content\/uploads\/ete-top-1024x480.jpg 1024w, https:\/\/loudenvielle.wellness-sport-camping.com\/wp-content\/uploads\/ete-top-768x360.jpg 768w, https:\/\/loudenvielle.wellness-sport-camping.com\/wp-content\/uploads\/ete-top-1536x720.jpg 1536w, https:\/\/loudenvielle.wellness-sport-camping.com\/wp-content\/uploads\/ete-top-512x240.jpg 512w, https:\/\/loudenvielle.wellness-sport-camping.com\/wp-content\/uploads\/ete-top-256x120.jpg 256w\" sizes=\"auto, (max-width: 1920px) 100vw, 1920px\" \/><span aria-hidden=\"true\" class=\"wp-block-cover__background has-background-dim-10 has-background-dim\"><\/span><div class=\"wp-block-cover__inner-container is-layout-flow wp-block-cover-is-layout-flow\">\n<div class=\"wp-block-group titre-top animation--init--once animation--top is-layout-constrained wp-block-group-is-layout-constrained\" style=\"padding-bottom:0px\">\n<p class=\"has-text-align-center has-theme-white-color has-text-color has-damion-font-family has-h-1-font-size\">In summer<\/p>\n\n\n\n<p class=\"has-text-align-center has-theme-white-color has-text-color\"><\/p>\n<\/div>\n\n\n\n<div class=\"wp-block-group breadcrumbs-top is-layout-constrained wp-block-group-is-layout-constrained\" style=\"margin-top:10px;margin-bottom:0px\">\n<span><span><a href=\"https:\/\/loudenvielle.wellness-sport-camping.com\/en\/\">Home<\/a><\/span><\/span>\n<\/div>\n\n\n\n<div class=\"wp-block-group alignfull motor-thelis has-theme-brown-2-background-color has-background is-layout-constrained wp-container-core-group-is-layout-e129b69f wp-block-group-is-layout-constrained\" style=\"padding-top:0px;padding-right:0px;padding-bottom:0px;padding-left:0px\">\n<div class=\"wp-block-columns is-layout-flex wp-container-core-columns-is-layout-28f84493 wp-block-columns-is-layout-flex\">\n<div class=\"wp-block-column is-layout-flow wp-block-column-is-layout-flow\" style=\"flex-basis:100%\">\n<section class=\"formulaire-de-recherche-bar\">\r\n            <div id=\"expand-thelis-formulaire\">Book<\/div>\r\n            <div class=\"container-form\"><thr-search-engine><\/thr-search-engine><a id=\"pay-btn-2\" onclick=\"window.open('https:\/\/thelisresa.webcamp.fr\/cart-directPayment.php?camping=fhjc8911&amp;lang=en');\"><i><\/i>Pay stay<\/a>\r\n            <style>\r\n            \r\n            .thr-search-engine .thr-search-engine-main > .thr-btn-search { max-width: 20% !important; }\r\n            .thr .btn i { margin-right: 0 !important; }\r\n            #pay-btn-2 { \r\n                position: absolute;\r\n                right: 0;top: 0;\r\n                margin: 10px;\r\n                border: 0;\r\n                background-color: ;\r\n                color: ;\r\n                cursor: pointer;\r\n                width: calc(17% - 5px);\r\n                padding: 17px 0;\r\n                font-size: 18px;\r\n                font-weight: bold;\r\n                text-transform: auto;\r\n                transition: all .35s;\r\n                display: flex;justify-content: center;\r\n                align-items: center;\r\n            }\r\n            #pay-btn-2 i {\r\n                display: inline-flex;\r\n                width:18px;height:18px;\r\n                margin-right: 5px;\r\n                background-image: url('data:image\/svg+xml;utf8,<?xml version=\"1.0\" encoding=\"utf-8\"?><svg width=\"1792\" height=\"1792\" viewBox=\"0 0 1792 1792\" xmlns=\"http:\/\/www.w3.org\/2000\/svg\"><path d=\"M704 1536q0 52-38 90t-90 38-90-38-38-90 38-90 90-38 90 38 38 90zm896 0q0 52-38 90t-90 38-90-38-38-90 38-90 90-38 90 38 38 90zm128-1088v512q0 24-16.5 42.5t-40.5 21.5l-1044 122q13 60 13 70 0 16-24 64h920q26 0 45 19t19 45-19 45-45 19h-1024q-26 0-45-19t-19-45q0-11 8-31.5t16-36 21.5-40 15.5-29.5l-177-823h-204q-26 0-45-19t-19-45 19-45 45-19h256q16 0 28.5 6.5t19.5 15.5 13 24.5 8 26 5.5 29.5 4.5 26h1201q26 0 45 19t19 45z\" fill=\"rgba(255,255,255,1)\" \/><\/svg>');\r\n                background-size: cover;background-position: center center;background-repeat: no-repeat;\r\n            }\r\n            #pay-btn-2:hover { background-color: ; }\r\n            .thr-search-engine { width: 83%; }\r\n\r\n            @media screen and (max-width: 1024px) {\r\n                #pay-btn-2 { top: 52px; }\r\n                .thr-search-engine .thr-search-engine-main > .thr-btn-search { max-width: inherit !important; }\r\n            }\r\n            @media screen and (max-width: 990px) {\r\n                .thr-search-engine { width: 100%; }\r\n                #pay-btn-2 { position: relative;width: calc(100% - 20px);top: auto;margin-top: 0; }\r\n            }\r\n\r\n            thr-search-engine { border-right: 200px rgba(0,0,0,0) solid;display: block; }\r\n            @media screen and (max-width: 1024px) {\r\n                thr-search-engine { border-right: inherit;display: inherit; }\r\n            }\r\n            <\/style>\r\n            <\/div><\/section><!-- .formulaire-de-recherche-bar --><style>\r\n        #expand-thelis-formulaire { display: none; }\r\n        @media screen and (max-width: 1024px) {\r\n            #expand-thelis-formulaire { display: block; }\r\n            .formulaire-de-recherche-bar .container-form { display: none; }\r\n        }\r\n    <\/style><script>\r\n    jQuery(document).ready(function($){\r\n        jQuery('#expand-thelis-formulaire').click(function(){\r\n            if(\r\n                jQuery('.formulaire-de-recherche-bar .container-form').css('display') == 'none'\r\n            ){\r\n                jQuery('.formulaire-de-recherche-bar .container-form').css('display', 'block');\r\n                jQuery('#expand-thelis-formulaire').addClass('expanded');\r\n            }else{\r\n                jQuery('.formulaire-de-recherche-bar .container-form').css('display', 'none');\r\n                jQuery('#expand-thelis-formulaire').removeClass('expanded');\r\n            }\r\n        });\r\n    });\r\n    <\/script>\n<\/div>\n<\/div>\n<\/div>\n<\/div><\/div>\n\n\n\n<div class=\"wp-block-group alignfull page-intro simbol-top-right-2 is-layout-constrained wp-block-group-is-layout-constrained\">\n<div class=\"wp-block-columns is-layout-flex wp-container-core-columns-is-layout-28f84493 wp-block-columns-is-layout-flex\">\n<div class=\"wp-block-column is-layout-flow wp-block-column-is-layout-flow\">\n<h1 class=\"wp-block-heading has-text-align-center simbol-titre has-sub\">The Campsite La P\u00e8ne Blanche<sub><span>Camping in the mountains in summer<\/span><\/sub><\/h1>\n\n\n\n<p>Escape for a summer, take a break from your daily routine and crowded beaches to enjoy a wellness holiday in the mountains.<\/p>\n<\/div>\n<\/div>\n<\/div>\n\n\n\n<div class=\"wp-block-group alignfull texte-foto r bg-top-left bg-bottom-right is-layout-constrained wp-block-group-is-layout-constrained\" style=\"margin-top:0px;margin-bottom:0px\">\n<div class=\"wp-block-columns alignwide are-vertically-aligned-center is-layout-flex wp-container-core-columns-is-layout-731cc08c wp-block-columns-is-layout-flex\">\n<div class=\"wp-block-column is-vertically-aligned-center le-texte animation--init--once animation--left is-layout-flow wp-block-column-is-layout-flow\">\n<h2 class=\"wp-block-heading has-theme-blue-color has-text-color\">Summer sports<\/h2>\n\n\n\n<p>In Loudenvielle, the summer season is perfect for adventurers. Many sports are accessible from the village. The lake offers swimming, paddle boarding and pedal boating, while the mountains offer tree climbing, walking and cycling. <\/p>\n\n\n\n<p>There are also paragliding clubs in the valley where you can enjoy a first flight.<\/p>\n<\/div>\n\n\n\n<div class=\"wp-block-column is-vertically-aligned-center le-image animation--init--once animation--right is-layout-flow wp-block-column-is-layout-flow\">\n<figure class=\"wp-block-image size-full\"><img loading=\"lazy\" decoding=\"async\" width=\"1200\" height=\"800\" src=\"https:\/\/loudenvielle.wellness-sport-camping.com\/wp-content\/uploads\/img-0552.jpg\" alt=\"\" class=\"wp-image-1676\" srcset=\"https:\/\/loudenvielle.wellness-sport-camping.com\/wp-content\/uploads\/img-0552.jpg 1200w, https:\/\/loudenvielle.wellness-sport-camping.com\/wp-content\/uploads\/img-0552-1024x683.jpg 1024w, https:\/\/loudenvielle.wellness-sport-camping.com\/wp-content\/uploads\/img-0552-768x512.jpg 768w, https:\/\/loudenvielle.wellness-sport-camping.com\/wp-content\/uploads\/img-0552-512x341.jpg 512w, https:\/\/loudenvielle.wellness-sport-camping.com\/wp-content\/uploads\/img-0552-256x171.jpg 256w\" sizes=\"auto, (max-width: 1200px) 100vw, 1200px\" \/><\/figure>\n<\/div>\n<\/div>\n\n\n\n<div class=\"wp-block-columns alignwide are-vertically-aligned-center is-layout-flex wp-container-core-columns-is-layout-731cc08c wp-block-columns-is-layout-flex\">\n<div class=\"wp-block-column is-vertically-aligned-center le-image animation--init--once animation--left is-layout-flow wp-block-column-is-layout-flow\">\n<figure class=\"wp-block-image size-full\"><img loading=\"lazy\" decoding=\"async\" width=\"1200\" height=\"800\" src=\"https:\/\/loudenvielle.wellness-sport-camping.com\/wp-content\/uploads\/img-0535.jpg\" alt=\"\" class=\"wp-image-1672\" srcset=\"https:\/\/loudenvielle.wellness-sport-camping.com\/wp-content\/uploads\/img-0535.jpg 1200w, https:\/\/loudenvielle.wellness-sport-camping.com\/wp-content\/uploads\/img-0535-1024x683.jpg 1024w, https:\/\/loudenvielle.wellness-sport-camping.com\/wp-content\/uploads\/img-0535-768x512.jpg 768w, https:\/\/loudenvielle.wellness-sport-camping.com\/wp-content\/uploads\/img-0535-512x341.jpg 512w, https:\/\/loudenvielle.wellness-sport-camping.com\/wp-content\/uploads\/img-0535-256x171.jpg 256w\" sizes=\"auto, (max-width: 1200px) 100vw, 1200px\" \/><\/figure>\n<\/div>\n\n\n\n<div class=\"wp-block-column is-vertically-aligned-center le-texte animation--init--once animation--right is-layout-flow wp-block-column-is-layout-flow\">\n<h2 class=\"wp-block-heading has-theme-blue-color has-text-color\">Wellness<\/h2>\n\n\n\n<p>Take advantage of this break to refocus with our gentle activities: yoga classes taught by Staphanie. Three to five sessions during the school holidays, and at least two per week outside of school holidays.<\/p>\n\n\n\n<p>The mountain air is invigorating and you will be far from the crowded beaches, it is the perfect opportunity to calm your body and mind.<\/p>\n<\/div>\n<\/div>\n<\/div>\n\n\n\n<div class=\"wp-block-group alignfull nos-offres simbol-top-left is-layout-constrained wp-block-group-is-layout-constrained\" style=\"margin-top:0px\">\n<div class=\"wp-block-columns is-layout-flex wp-container-core-columns-is-layout-28f84493 wp-block-columns-is-layout-flex\">\n<div class=\"wp-block-column is-layout-flow wp-block-column-is-layout-flow\">\n<h2 class=\"wp-block-heading has-text-align-center simbol-titre\">Our selection of stays<\/h2>\n\n\n\n<thr-favorites quantity = \"\"><\/thr-favorites>\n<\/div>\n<\/div>\n<\/div>\n","protected":false},"excerpt":{"rendered":"<p>Lorem ipsum dolor sit amet, consectetur adipiscing elit, sed do eiusmod tempor incididunt ut labore et dolore magna aliqua.<br \/>\nQuis ipsum suspendisse ultrices gravida. Risus commodo viverra maecenas accumsan lacus vel facilisis. <\/p>\n","protected":false},"author":5,"featured_media":0,"parent":1916,"menu_order":1,"comment_status":"closed","ping_status":"closed","template":"","meta":{"_acf_changed":false,"inline_featured_image":false,"footnotes":""},"class_list":["post-1920","page","type-page","status-publish","hentry"],"acf":[],"yoast_head":"<!-- This site is optimized with the Yoast SEO plugin v27.1.1 - https:\/\/yoast.com\/product\/yoast-seo-wordpress\/ -->\n<title>Spend the summer season at camping La P\u00e8ne Blanche.<\/title>\n<meta name=\"description\" content=\"Escape for a summer in our campsite La P\u00e8ne Blanche in Loudenvielle for a well-being holiday.\" \/>\n<meta name=\"robots\" content=\"index, follow, max-snippet:-1, max-image-preview:large, max-video-preview:-1\" \/>\n<link rel=\"canonical\" href=\"https:\/\/loudenvielle.wellness-sport-camping.com\/en\/the-campsite\/summer\/\" \/>\n<meta property=\"og:locale\" content=\"en_US\" \/>\n<meta property=\"og:type\" content=\"article\" \/>\n<meta property=\"og:title\" content=\"Spend the summer season at camping La P\u00e8ne Blanche.\" \/>\n<meta property=\"og:description\" content=\"Escape for a summer in our campsite La P\u00e8ne Blanche in Loudenvielle for a well-being holiday.\" \/>\n<meta property=\"og:url\" content=\"https:\/\/loudenvielle.wellness-sport-camping.com\/en\/the-campsite\/summer\/\" \/>\n<meta property=\"og:site_name\" content=\"Camping la P\u00e8ne Blanche\" \/>\n<meta property=\"article:modified_time\" content=\"2025-06-24T15:19:04+00:00\" \/>\n<meta property=\"og:image\" content=\"https:\/\/loudenvielle.wellness-sport-camping.com\/wp-content\/uploads\/ete-top.jpg\" \/>\n\t<meta property=\"og:image:width\" content=\"1920\" \/>\n\t<meta property=\"og:image:height\" content=\"900\" \/>\n\t<meta property=\"og:image:type\" content=\"image\/jpeg\" \/>\n<meta name=\"twitter:card\" content=\"summary_large_image\" \/>\n<meta name=\"twitter:label1\" content=\"Est. reading time\" \/>\n\t<meta name=\"twitter:data1\" content=\"2 minutes\" \/>\n<script type=\"application\/ld+json\" class=\"yoast-schema-graph\">{\"@context\":\"https:\/\/schema.org\",\"@graph\":[{\"@type\":\"WebPage\",\"@id\":\"https:\/\/loudenvielle.wellness-sport-camping.com\/en\/the-campsite\/summer\/\",\"url\":\"https:\/\/loudenvielle.wellness-sport-camping.com\/en\/the-campsite\/summer\/\",\"name\":\"Spend the summer season at camping La P\u00e8ne Blanche.\",\"isPartOf\":{\"@id\":\"https:\/\/loudenvielle.wellness-sport-camping.com\/en\/#website\"},\"primaryImageOfPage\":{\"@id\":\"https:\/\/loudenvielle.wellness-sport-camping.com\/en\/the-campsite\/summer\/#primaryimage\"},\"image\":{\"@id\":\"https:\/\/loudenvielle.wellness-sport-camping.com\/en\/the-campsite\/summer\/#primaryimage\"},\"thumbnailUrl\":\"https:\/\/loudenvielle.wellness-sport-camping.com\/wp-content\/uploads\/ete-top.jpg\",\"datePublished\":\"2023-03-13T12:16:20+00:00\",\"dateModified\":\"2025-06-24T15:19:04+00:00\",\"description\":\"Escape for a summer in our campsite La P\u00e8ne Blanche in Loudenvielle for a well-being holiday.\",\"breadcrumb\":{\"@id\":\"https:\/\/loudenvielle.wellness-sport-camping.com\/en\/the-campsite\/summer\/#breadcrumb\"},\"inLanguage\":\"en-US\",\"potentialAction\":[{\"@type\":\"ReadAction\",\"target\":[\"https:\/\/loudenvielle.wellness-sport-camping.com\/en\/the-campsite\/summer\/\"]}]},{\"@type\":\"ImageObject\",\"inLanguage\":\"en-US\",\"@id\":\"https:\/\/loudenvielle.wellness-sport-camping.com\/en\/the-campsite\/summer\/#primaryimage\",\"url\":\"https:\/\/loudenvielle.wellness-sport-camping.com\/wp-content\/uploads\/ete-top.jpg\",\"contentUrl\":\"https:\/\/loudenvielle.wellness-sport-camping.com\/wp-content\/uploads\/ete-top.jpg\"},{\"@type\":\"BreadcrumbList\",\"@id\":\"https:\/\/loudenvielle.wellness-sport-camping.com\/en\/the-campsite\/summer\/#breadcrumb\",\"itemListElement\":[{\"@type\":\"ListItem\",\"position\":1,\"name\":\"Home\",\"item\":\"https:\/\/loudenvielle.wellness-sport-camping.com\/en\/\"},{\"@type\":\"ListItem\",\"position\":2,\"name\":\"The Campsite\",\"item\":\"https:\/\/loudenvielle.wellness-sport-camping.com\/en\/the-campsite\/\"},{\"@type\":\"ListItem\",\"position\":3,\"name\":\"Summer\"}]},{\"@type\":\"WebSite\",\"@id\":\"https:\/\/loudenvielle.wellness-sport-camping.com\/en\/#website\",\"url\":\"https:\/\/loudenvielle.wellness-sport-camping.com\/en\/\",\"name\":\"Camping la P\u00e8ne Blanche\",\"description\":\"\u00e0 Loudenvielle dans les Hautes-Pyr\u00e9n\u00e9es\",\"publisher\":{\"@id\":\"https:\/\/loudenvielle.wellness-sport-camping.com\/en\/#organization\"},\"potentialAction\":[{\"@type\":\"SearchAction\",\"target\":{\"@type\":\"EntryPoint\",\"urlTemplate\":\"https:\/\/loudenvielle.wellness-sport-camping.com\/en\/?s={search_term_string}\"},\"query-input\":{\"@type\":\"PropertyValueSpecification\",\"valueRequired\":true,\"valueName\":\"search_term_string\"}}],\"inLanguage\":\"en-US\"},{\"@type\":\"Organization\",\"@id\":\"https:\/\/loudenvielle.wellness-sport-camping.com\/en\/#organization\",\"name\":\"Camping la P\u00e8ne Blanche\",\"url\":\"https:\/\/loudenvielle.wellness-sport-camping.com\/en\/\",\"logo\":{\"@type\":\"ImageObject\",\"inLanguage\":\"en-US\",\"@id\":\"https:\/\/loudenvielle.wellness-sport-camping.com\/en\/#\/schema\/logo\/image\/\",\"url\":\"https:\/\/loudenvielle.wellness-sport-camping.com\/wp-content\/uploads\/logo-penne-blanche.png\",\"contentUrl\":\"https:\/\/loudenvielle.wellness-sport-camping.com\/wp-content\/uploads\/logo-penne-blanche.png\",\"width\":260,\"height\":137,\"caption\":\"Camping la P\u00e8ne Blanche\"},\"image\":{\"@id\":\"https:\/\/loudenvielle.wellness-sport-camping.com\/en\/#\/schema\/logo\/image\/\"}}]}<\/script>\n<!-- \/ Yoast SEO plugin. -->","yoast_head_json":{"title":"Spend the summer season at camping La P\u00e8ne Blanche.","description":"Escape for a summer in our campsite La P\u00e8ne Blanche in Loudenvielle for a well-being holiday.","robots":{"index":"index","follow":"follow","max-snippet":"max-snippet:-1","max-image-preview":"max-image-preview:large","max-video-preview":"max-video-preview:-1"},"canonical":"https:\/\/loudenvielle.wellness-sport-camping.com\/en\/the-campsite\/summer\/","og_locale":"en_US","og_type":"article","og_title":"Spend the summer season at camping La P\u00e8ne Blanche.","og_description":"Escape for a summer in our campsite La P\u00e8ne Blanche in Loudenvielle for a well-being holiday.","og_url":"https:\/\/loudenvielle.wellness-sport-camping.com\/en\/the-campsite\/summer\/","og_site_name":"Camping la P\u00e8ne Blanche","article_modified_time":"2025-06-24T15:19:04+00:00","og_image":[{"width":1920,"height":900,"url":"https:\/\/loudenvielle.wellness-sport-camping.com\/wp-content\/uploads\/ete-top.jpg","type":"image\/jpeg"}],"twitter_card":"summary_large_image","twitter_misc":{"Est. reading time":"2 minutes"},"schema":{"@context":"https:\/\/schema.org","@graph":[{"@type":"WebPage","@id":"https:\/\/loudenvielle.wellness-sport-camping.com\/en\/the-campsite\/summer\/","url":"https:\/\/loudenvielle.wellness-sport-camping.com\/en\/the-campsite\/summer\/","name":"Spend the summer season at camping La P\u00e8ne Blanche.","isPartOf":{"@id":"https:\/\/loudenvielle.wellness-sport-camping.com\/en\/#website"},"primaryImageOfPage":{"@id":"https:\/\/loudenvielle.wellness-sport-camping.com\/en\/the-campsite\/summer\/#primaryimage"},"image":{"@id":"https:\/\/loudenvielle.wellness-sport-camping.com\/en\/the-campsite\/summer\/#primaryimage"},"thumbnailUrl":"https:\/\/loudenvielle.wellness-sport-camping.com\/wp-content\/uploads\/ete-top.jpg","datePublished":"2023-03-13T12:16:20+00:00","dateModified":"2025-06-24T15:19:04+00:00","description":"Escape for a summer in our campsite La P\u00e8ne Blanche in Loudenvielle for a well-being holiday.","breadcrumb":{"@id":"https:\/\/loudenvielle.wellness-sport-camping.com\/en\/the-campsite\/summer\/#breadcrumb"},"inLanguage":"en-US","potentialAction":[{"@type":"ReadAction","target":["https:\/\/loudenvielle.wellness-sport-camping.com\/en\/the-campsite\/summer\/"]}]},{"@type":"ImageObject","inLanguage":"en-US","@id":"https:\/\/loudenvielle.wellness-sport-camping.com\/en\/the-campsite\/summer\/#primaryimage","url":"https:\/\/loudenvielle.wellness-sport-camping.com\/wp-content\/uploads\/ete-top.jpg","contentUrl":"https:\/\/loudenvielle.wellness-sport-camping.com\/wp-content\/uploads\/ete-top.jpg"},{"@type":"BreadcrumbList","@id":"https:\/\/loudenvielle.wellness-sport-camping.com\/en\/the-campsite\/summer\/#breadcrumb","itemListElement":[{"@type":"ListItem","position":1,"name":"Home","item":"https:\/\/loudenvielle.wellness-sport-camping.com\/en\/"},{"@type":"ListItem","position":2,"name":"The Campsite","item":"https:\/\/loudenvielle.wellness-sport-camping.com\/en\/the-campsite\/"},{"@type":"ListItem","position":3,"name":"Summer"}]},{"@type":"WebSite","@id":"https:\/\/loudenvielle.wellness-sport-camping.com\/en\/#website","url":"https:\/\/loudenvielle.wellness-sport-camping.com\/en\/","name":"Camping la P\u00e8ne Blanche","description":"\u00e0 Loudenvielle dans les Hautes-Pyr\u00e9n\u00e9es","publisher":{"@id":"https:\/\/loudenvielle.wellness-sport-camping.com\/en\/#organization"},"potentialAction":[{"@type":"SearchAction","target":{"@type":"EntryPoint","urlTemplate":"https:\/\/loudenvielle.wellness-sport-camping.com\/en\/?s={search_term_string}"},"query-input":{"@type":"PropertyValueSpecification","valueRequired":true,"valueName":"search_term_string"}}],"inLanguage":"en-US"},{"@type":"Organization","@id":"https:\/\/loudenvielle.wellness-sport-camping.com\/en\/#organization","name":"Camping la P\u00e8ne Blanche","url":"https:\/\/loudenvielle.wellness-sport-camping.com\/en\/","logo":{"@type":"ImageObject","inLanguage":"en-US","@id":"https:\/\/loudenvielle.wellness-sport-camping.com\/en\/#\/schema\/logo\/image\/","url":"https:\/\/loudenvielle.wellness-sport-camping.com\/wp-content\/uploads\/logo-penne-blanche.png","contentUrl":"https:\/\/loudenvielle.wellness-sport-camping.com\/wp-content\/uploads\/logo-penne-blanche.png","width":260,"height":137,"caption":"Camping la P\u00e8ne Blanche"},"image":{"@id":"https:\/\/loudenvielle.wellness-sport-camping.com\/en\/#\/schema\/logo\/image\/"}}]}},"_links":{"self":[{"href":"https:\/\/loudenvielle.wellness-sport-camping.com\/en\/wp-json\/wp\/v2\/pages\/1920","targetHints":{"allow":["GET"]}}],"collection":[{"href":"https:\/\/loudenvielle.wellness-sport-camping.com\/en\/wp-json\/wp\/v2\/pages"}],"about":[{"href":"https:\/\/loudenvielle.wellness-sport-camping.com\/en\/wp-json\/wp\/v2\/types\/page"}],"author":[{"embeddable":true,"href":"https:\/\/loudenvielle.wellness-sport-camping.com\/en\/wp-json\/wp\/v2\/users\/5"}],"replies":[{"embeddable":true,"href":"https:\/\/loudenvielle.wellness-sport-camping.com\/en\/wp-json\/wp\/v2\/comments?post=1920"}],"version-history":[{"count":5,"href":"https:\/\/loudenvielle.wellness-sport-camping.com\/en\/wp-json\/wp\/v2\/pages\/1920\/revisions"}],"predecessor-version":[{"id":3653,"href":"https:\/\/loudenvielle.wellness-sport-camping.com\/en\/wp-json\/wp\/v2\/pages\/1920\/revisions\/3653"}],"up":[{"embeddable":true,"href":"https:\/\/loudenvielle.wellness-sport-camping.com\/en\/wp-json\/wp\/v2\/pages\/1916"}],"wp:attachment":[{"href":"https:\/\/loudenvielle.wellness-sport-camping.com\/en\/wp-json\/wp\/v2\/media?parent=1920"}],"curies":[{"name":"wp","href":"https:\/\/api.w.org\/{rel}","templated":true}]}}